{"id":15,"date":"2013-08-08T08:56:43","date_gmt":"2013-08-08T08:56:43","guid":{"rendered":"http:\/\/www.amus-campina.ro\/?page_id=15"},"modified":"2025-11-06T09:05:55","modified_gmt":"2025-11-06T07:05:55","slug":"oferta-educationala","status":"publish","type":"page","link":"http:\/\/www.amus-campina.ro\/?page_id=15","title":{"rendered":"OFERTA EDUCATIONALA"},"content":{"rendered":"<h6 align=\"center\"><img decoding=\"async\" loading=\"lazy\" src=\"http:\/\/www.amus-campina.ro\/wp-content\/uploads\/2025\/11\/Oferta-educationala-2025-2026-ultima-208x300.jpg\" alt=\"\" width=\"208\" height=\"300\" \/ class=\"ml-lightbox-enabled\">\u00a0<\/h6>\n<div style=\"width: 604px;\" class=\"wp-video\"><!--[if lt IE 9]><script>document.createElement('video');<\/script><![endif]-->\n<video class=\"wp-video-shortcode\" id=\"video-15-1\" width=\"604\" height=\"340\" preload=\"metadata\" controls=\"controls\"><source type=\"video\/mp4\" src=\"http:\/\/www.amus-campina.ro\/wp-content\/uploads\/2013\/08\/oferta-educationala_Small.mp4?_=1\" \/><a href=\"http:\/\/www.amus-campina.ro\/wp-content\/uploads\/2013\/08\/oferta-educationala_Small.mp4\">http:\/\/www.amus-campina.ro\/wp-content\/uploads\/2013\/08\/oferta-educationala_Small.mp4<\/a><\/video><\/div>\n<h4 align=\"center\"><b><i>\u015eCOALA POSTLICEAL\u0102\u00a0 LOUIS PASTEUR<\/i><\/b><\/h4>\n<h4 align=\"center\"><b><i>\u00a0C\u00c2MPINA<\/i><\/b><b><i><\/i><\/b><\/h4>\n<h5 align=\"center\"><b>\u015fcoal\u0103 acreditat\u0103 cu peste 25 ani de experien\u0163\u0103<\/b>\u00a0<\/h5>\n<pre style=\"text-align: center;\"><a href=\"http:\/\/www.amus-campina.ro\/wp-content\/uploads\/2025\/11\/13_Oferta-educationala-2025-2026.pdf\"><strong>OFERTA EDUCA\u0162IONAL\u0102 A \u015eCOLII<\/strong><\/a>\u00a0<a href=\"http:\/\/www.amus-campina.ro\/wp-content\/uploads\/2025\/11\/13_Oferta-educationala-2025-2026.pdf\">(clik pentru document)<\/a><\/pre>\n<h5>\u00a0Inscrieri in perioada 07 iunie &#8211; 05 septembrie<\/h5>\n<h5>\u2022\u00a0Calificarea profesionala<strong>:<\/strong><b>\u00a0<\/b><strong><a href=\"http:\/\/www.amus-campina.ro\/?page_id=39\">ASISTENT MEDICAL GENERALIST<\/a>\u00a0&#8211; 26 de locuri<\/strong><br \/>\u2022\u00a0<strong>Domeniul:<\/strong>\u00a0Sanatate si asistenta pedagogica<br \/>\u2022\u00a0<strong>Calificarea profesionala:<\/strong>\u00a0Asistent Medical Generalist<br \/>\u2022\u00a0<strong>Nivelul:\u00a05<\/strong><br \/>\u2022\u00a0<strong>Forma de invatamant:<\/strong>\u00a0la zi<br \/>\u2022\u00a0<strong>Durata studiilor:<\/strong>\u00a03 ani<br \/>\u2022<strong>\u00a0Oportunitati de plasament pe piata muncii:\u00a0<\/strong>cadru medical in reteaua sanitara de stat si particulara, clinici, laboratoare, obstetrica &#8211; ginecologie, chirurgie, interne, ATI, etc.* Au dreptul sa se inscrie la nivelul de invatamant postliceal absolventii de liceu cu sau fara diploma de bacalaureat.<\/h5>\n<p>&#8211;<\/p>\n<h4>Calificarea profesionala:\u00a0<strong><a href=\"http:\/\/www.amus-campina.ro\/?page_id=42\">ASISTENT MEDICAL DE FARMACIE<\/a> <\/strong><\/h4>\n<h5><strong>&#8211; 28 de locuri<\/strong><br \/>\u2022\u00a0<strong>Domeniul:<\/strong>\u00a0Sanatate si asistenta pedagogica<br \/>\u2022\u00a0<strong>Calificarea profesionala:<\/strong>\u00a0Asistent medical de farmacie<br \/>\u2022\u00a0<strong>Nivelul:\u00a05<\/strong><br \/>\u2022\u00a0<strong>Forma de invatamant:<\/strong>\u00a0la zi<br \/>\u2022\u00a0<strong>Durata studiilor:<\/strong>\u00a03 ani<br \/>\u2022<strong>\u00a0Oportunitati de plasament pe piata muncii:\u00a0<\/strong>farmacii din reteaua nationala, firme de distributie medicamente, fabrici de medicamente si echipamente sanitare, administratori farmacii naturiste, etc.<\/h5>\n<h5 align=\"center\"><b>LA CURSURILE \u015eCOLII POSTLICEALE LOUIS PASTEUR C\u00c2MPINA SE POT \u00ceNSCRIE ABSOLVEN\u0162I DE LICEU, CU SAU F\u0102R\u0102 DIPLOMA DE BACALAUREAT !<\/b><\/h5>\n<p><b>\u00a0<\/b><\/p>\n<h4 align=\"center\"><b>!!!! IMPORTANT !!!<\/b><\/h4>\n<h5 align=\"center\"><b>!!! DIPLOMA DE ABSOLVENT AL \u015eCOLII POSTLICEALE NU DEPINDE DE EXAMENUL DE BACALAUREAT. ORICE ABSOLVENT AL \u015eCOLII LOUIS PASTEUR C\u00c2MPINA ARE DREPTUL DE A SUS\u0162INE EXAMENUL DE CERTIFICARE COMPETENTE\u00a0\u015eI DE A OB\u0162INE DIPLOMA, INDIFERENT DAC\u0102 ARE SAU NU PROMOVAT EXAMENUL DE BACALAUREAT !!!<\/b><\/h5>\n<h5><b>\u00a0Eelvii Scolii Postliceale Louis Pasteur Campina beneficiaza de reduceri semnificative de costuri la urmarea unuia dintre <a href=\"http:\/\/www.amus-campina.ro\/?page_id=22\">programele de calificare\/specializare\/perfectionare<\/a> din cadrul Centrului de Formare Profesionala AMUS<\/b><\/h5>\n<h5>Detalii despre inscriere gasiti <a href=\"http:\/\/www.amus-campina.ro\/?page_id=31\">aici<\/a>.<\/h5>\n<p><b>\u00a0<\/b><\/p>\n<h4 align=\"center\"><b>\u015eCOALA POSTLICEAL\u0102 LOUIS PASTEUR C\u00c2MPINA ESTE \u015eCOAL\u0102 ACREDITAT\u0102 \u015eI CENTRU DE EXAMINARE<\/b><\/h4>\n","protected":false},"excerpt":{"rendered":"<p>\u00a0 \u015eCOALA POSTLICEAL\u0102\u00a0 LOUIS PASTEUR \u00a0C\u00c2MPINA \u015fcoal\u0103 acreditat\u0103 cu peste 25 ani de experien\u0163\u0103\u00a0 OFERTA EDUCA\u0162IONAL\u0102 A \u015eCOLII\u00a0(clik pentru document) \u00a0Inscrieri in perioada 07 iunie &#8211; 05 septembrie \u2022\u00a0Calificarea profesionala:\u00a0ASISTENT MEDICAL GENERALIST\u00a0&#8211; 26 de locuri\u2022\u00a0Domeniul:\u00a0Sanatate si asistenta pedagogica\u2022\u00a0Calificarea profesionala:\u00a0Asistent Medical Generalist\u2022\u00a0Nivelul:\u00a05\u2022\u00a0Forma de invatamant:\u00a0la zi\u2022\u00a0Durata studiilor:\u00a03 ani\u2022\u00a0Oportunitati de plasament pe piata muncii:\u00a0cadru medical in reteaua sanitara &hellip; <a href=\"http:\/\/www.amus-campina.ro\/?page_id=15\" class=\"more-link\">Cite\u0219te \u00een continuare <span class=\"screen-reader-text\">OFERTA EDUCATIONALA<\/span> <span class=\"meta-nav\">&rarr;<\/span><\/a><\/p>\n","protected":false},"author":1,"featured_media":0,"parent":9,"menu_order":2,"comment_status":"open","ping_status":"open","template":"","meta":[],"_links":{"self":[{"href":"http:\/\/www.amus-campina.ro\/index.php?rest_route=\/wp\/v2\/pages\/15"}],"collection":[{"href":"http:\/\/www.amus-campina.ro\/index.php?rest_route=\/wp\/v2\/pages"}],"about":[{"href":"http:\/\/www.amus-campina.ro\/index.php?rest_route=\/wp\/v2\/types\/page"}],"author":[{"embeddable":true,"href":"http:\/\/www.amus-campina.ro\/index.php?rest_route=\/wp\/v2\/users\/1"}],"replies":[{"embeddable":true,"href":"http:\/\/www.amus-campina.ro\/index.php?rest_route=%2Fwp%2Fv2%2Fcomments&post=15"}],"version-history":[{"count":37,"href":"http:\/\/www.amus-campina.ro\/index.php?rest_route=\/wp\/v2\/pages\/15\/revisions"}],"predecessor-version":[{"id":1141,"href":"http:\/\/www.amus-campina.ro\/index.php?rest_route=\/wp\/v2\/pages\/15\/revisions\/1141"}],"up":[{"embeddable":true,"href":"http:\/\/www.amus-campina.ro\/index.php?rest_route=\/wp\/v2\/pages\/9"}],"wp:attachment":[{"href":"http:\/\/www.amus-campina.ro\/index.php?rest_route=%2Fwp%2Fv2%2Fmedia&parent=15"}],"curies":[{"name":"wp","href":"https:\/\/api.w.org\/{rel}","templated":true}]}}