{"id":39,"date":"2013-08-08T20:24:50","date_gmt":"2013-08-08T20:24:50","guid":{"rendered":"http:\/\/www.amus-campina.ro\/?page_id=39"},"modified":"2018-11-20T17:49:24","modified_gmt":"2018-11-20T15:49:24","slug":"asistent-medical-generalist","status":"publish","type":"page","link":"http:\/\/www.amus-campina.ro\/?page_id=39","title":{"rendered":"ASISTENT MEDICAL GENERALIST"},"content":{"rendered":"<p style=\"text-align: justify;\"><img decoding=\"async\" loading=\"lazy\" class=\" wp-image-641 alignright ml-lightbox-enabled\" src=\"http:\/\/www.amus-campina.ro\/wp-content\/uploads\/2018\/08\/38515421_1681806498615791_6510981128642363392_o-300x199.jpg\" alt=\"\" width=\"244\" height=\"162\" srcset=\"http:\/\/www.amus-campina.ro\/wp-content\/uploads\/2018\/08\/38515421_1681806498615791_6510981128642363392_o-300x199.jpg 300w, http:\/\/www.amus-campina.ro\/wp-content\/uploads\/2018\/08\/38515421_1681806498615791_6510981128642363392_o-768x510.jpg 768w, http:\/\/www.amus-campina.ro\/wp-content\/uploads\/2018\/08\/38515421_1681806498615791_6510981128642363392_o-1024x680.jpg 1024w, http:\/\/www.amus-campina.ro\/wp-content\/uploads\/2018\/08\/38515421_1681806498615791_6510981128642363392_o.jpg 2000w\" sizes=\"(max-width: 244px) 100vw, 244px\" \/>Ocupa\u0163ia de Asistent medical generalist este specific\u0103 domeniului medical \u015fi social, urm\u0103rind toate aspectele\u00a0legate de promovarea, men\u0163inerea \u015fi recuperarea s\u0103n\u0103t\u0103\u0163ii.<\/p>\n<p style=\"text-align: justify;\">Practican\u0163ii\u00a0acestei\u00a0ocupa\u0163ii\u00a0lucreaz\u0103 \u00een spitale,\u00a0policlinici,\u00a0cabinete\u00a0de tratamente ambulatorii, cabinete medicale individuale, centre de diagnostic \u015fi tratament, cabinete de medicina muncii, cabinete medicale \u015fcolare, centre de plasament, centre de recuperare, centre reziden\u0163iale, etc.<\/p>\n<p style=\"text-align: justify;\">Activitatea de asistent medical generalist const\u0103 \u00een aplicarea metodelor \u015fi tehnicilor\u00a0specifice de investiga\u0163ii \u015fi tratament, pentru care sunt necesare cuno\u015ftin\u0163e temeinice de specialitate. Asistentul medical generalist desf\u0103\u015foar\u0103 trei tipuri de activit\u0103\u0163i:<\/p>\n<ul style=\"text-align: justify;\">\n<li>Independente (stabile\u015fte planul de \u00eengrijire, urm\u0103re\u015fte modul de aplicare a tratamentului, precum \u015fi r\u0103spunsul pacientului, completeaz\u0103 \u015fi p\u0103streaz\u0103 la zi eviden\u0163ele, gestioneaz\u0103 corect materiale \u015fi urm\u0103re\u015fte consumul ra\u0163ional de medicamente \u015fi consumabile).<\/li>\n<li>Interdependente (colaboreaz\u0103 cu ceilal\u0163i membri ai echipei, alte servicii sau departamente \u015fi cu apar\u0163in\u0103torii \u00een vederea ob\u0163inerii informa\u0163iilor necesare stabilirii procesului de \u00eengrijire).<\/li>\n<li>Dependente (respect\u0103 recomand\u0103rile\u00a0specialistului \u00een procesul de\u00a0\u00eengrijire).<\/li>\n<\/ul>\n<p style=\"text-align: justify;\">Activitatea asistentului medical generalist se desf\u0103\u015foar\u0103 \u00een cadrul unei echipe multidisciplinare \u015fi presupune munca cu omul s\u0103n\u0103tos \u015fi bolnav.<\/p>\n<p style=\"text-align: justify;\">Asistentul medical generalist este capabil s\u0103 evalueze starea de s\u0103n\u0103tate a pacientului, s\u0103 stabilesc\u0103 diagnosticul de nursing, s\u0103 aplice corect tratamentul, s\u0103 asigure condi\u0163ii optime de confort, s\u0103 respecte normele de igien\u0103, s\u0103 previn\u0103 apari\u0163ia cazurilor de infec\u0163ie nosocomial\u0103, s\u0103 preleveze probe pentru investiga\u0163iile recomandate \u015fi s\u0103 asigure condi\u0163ii optime pentru transportul produselor recoltate\u00a0la laborator, s\u0103 completeze formularele adecvate, s\u0103 respecte\u00a0procedurile de\u00a0lucru,\u00a0s\u0103 se\u00a0instruiasc\u0103 continuu \u015fi s\u0103 informeze\u00a0pacien\u0163ii \u00een\u00a0vederea\u00a0men\u0163inerii s\u0103n\u0103t\u0103\u0163ii.<\/p>\n<p style=\"text-align: justify;\">Pentru realizarea activit\u0103\u0163ii sale, asistentul medical generalist folose\u015fte echipament de\u00a0protec\u0163ie (halat, bonet\u0103,\u00a0pantofi adecva\u0163i, m\u0103nu\u015fi), aparatura de\u00a0lucru \u015fi instrumentar. \u00cen vederea \u00eendeplinirii sarcinilor sale, asistentul medical generalist trebuie s\u0103 de\u0163in\u0103 cuno\u015ftin\u0163e de baz\u0103 de\u00a0medicin\u0103 intern\u0103, nursing, igien\u0103, norme de SSM \u015fi situa\u0163ii de urgen\u0163\u0103,\u00a0prevederile\u00a0legale\u00a0\u00een\u00a0vigoare\u00a0privind\u00a0reforma\u00a0\u00een\u00a0s\u0103n\u0103tate,\u00a0practicarea\u00a0profesiei\u00a0de\u00a0asistent medical.<\/p>\n<p style=\"text-align: justify;\">De asemenea, trebuie\u00a0s\u0103 dezvolte\u00a0o serie\u00a0de\u00a0abilit\u0103\u0163i \u015fi\u00a0aptitudini, cum ar fi:\u00a0aten\u0163ie, \u00eendem\u00e2nare, spirit de observa\u0163ie, putere de analiz\u0103 \u015fi sintez\u0103, precizie, promptitudine, comunicare,\u00a0decizie,\u00a0minu\u0163iozitate, spirit\u00a0de echip\u0103,\u00a0adaptabilitate la situa\u0163ii\u00a0noi,\u00a0viteza de reac\u0163ie, creativitate, responsabilitate, seriozitate,\u00a0confiden\u0163ialitate \u015fi\u00a0obiectivitate.<\/p>\n<p style=\"text-align: justify;\"><a href=\"http:\/\/www.amus-campina.ro\/?page_id=31\"><span style=\"color: #ff0000;\">CUM M\u0102 \u00ceNSCRIU LA CURSURI ?<\/span><\/a><\/p>\n","protected":false},"excerpt":{"rendered":"<p>Ocupa\u0163ia de Asistent medical generalist este specific\u0103 domeniului medical \u015fi social, urm\u0103rind toate aspectele\u00a0legate de promovarea, men\u0163inerea \u015fi recuperarea s\u0103n\u0103t\u0103\u0163ii. Practican\u0163ii\u00a0acestei\u00a0ocupa\u0163ii\u00a0lucreaz\u0103 \u00een spitale,\u00a0policlinici,\u00a0cabinete\u00a0de tratamente ambulatorii, cabinete medicale individuale, centre de diagnostic \u015fi tratament, cabinete de medicina muncii, cabinete medicale \u015fcolare, centre de plasament, centre de recuperare, centre reziden\u0163iale, etc. Activitatea de asistent medical generalist const\u0103 &hellip; <a href=\"http:\/\/www.amus-campina.ro\/?page_id=39\" class=\"more-link\">Cite\u0219te \u00een continuare <span class=\"screen-reader-text\">ASISTENT MEDICAL GENERALIST<\/span> <span class=\"meta-nav\">&rarr;<\/span><\/a><\/p>\n","protected":false},"author":1,"featured_media":0,"parent":9,"menu_order":3,"comment_status":"open","ping_status":"open","template":"","meta":[],"_links":{"self":[{"href":"http:\/\/www.amus-campina.ro\/index.php?rest_route=\/wp\/v2\/pages\/39"}],"collection":[{"href":"http:\/\/www.amus-campina.ro\/index.php?rest_route=\/wp\/v2\/pages"}],"about":[{"href":"http:\/\/www.amus-campina.ro\/index.php?rest_route=\/wp\/v2\/types\/page"}],"author":[{"embeddable":true,"href":"http:\/\/www.amus-campina.ro\/index.php?rest_route=\/wp\/v2\/users\/1"}],"replies":[{"embeddable":true,"href":"http:\/\/www.amus-campina.ro\/index.php?rest_route=%2Fwp%2Fv2%2Fcomments&post=39"}],"version-history":[{"count":8,"href":"http:\/\/www.amus-campina.ro\/index.php?rest_route=\/wp\/v2\/pages\/39\/revisions"}],"predecessor-version":[{"id":679,"href":"http:\/\/www.amus-campina.ro\/index.php?rest_route=\/wp\/v2\/pages\/39\/revisions\/679"}],"up":[{"embeddable":true,"href":"http:\/\/www.amus-campina.ro\/index.php?rest_route=\/wp\/v2\/pages\/9"}],"wp:attachment":[{"href":"http:\/\/www.amus-campina.ro\/index.php?rest_route=%2Fwp%2Fv2%2Fmedia&parent=39"}],"curies":[{"name":"wp","href":"https:\/\/api.w.org\/{rel}","templated":true}]}}