{"id":766,"date":"2020-11-02T09:21:38","date_gmt":"2020-11-02T07:21:38","guid":{"rendered":"http:\/\/www.amus-campina.ro\/?page_id=766"},"modified":"2020-12-01T22:10:25","modified_gmt":"2020-12-01T20:10:25","slug":"arhiva","status":"publish","type":"page","link":"http:\/\/www.amus-campina.ro\/?page_id=766","title":{"rendered":"Arhiva"},"content":{"rendered":"<p><a href=\"http:\/\/www.amus-campina.ro\/wp-content\/uploads\/2019\/03\/plan_masuri_violenta_2018-2019.pdf\">PLAN\u00a0 DE\u00a0 M\u0102SURI\u00a0 DE PREVENIRE \u015eI COMBATERE A VIOLEN\u0162EI \u00ceN \u015eCOALA POSTLICEAL\u0102 \u201cLOUIS PASTEUR\u201d\u00a0AN\u00a0 \u015eCOLAR\u00a0 2018 \u2013 2019<\/a><\/p>\n<p><a href=\"http:\/\/www.amus-campina.ro\/wp-content\/uploads\/2019\/03\/RI_SPLP_2018-2019_complet.pdf\">REGULAMENT INTER AN SCOLAR 2018 &#8211; 2019<\/a><\/p>\n<p><a href=\"http:\/\/www.amus-campina.ro\/wp-content\/uploads\/2019\/03\/ROFUIP_SPLP_2018-2019.pdf\">REGULAMENTUL DE ORGANIZARE SI FUNCTIONARE AN SCOLAR 2018 &#8211; 2019<\/a><\/p>\n<p><a href=\"http:\/\/www.amus-campina.ro\/wp-content\/uploads\/2019\/03\/Cod_etic_pers.-did.-si-did.-aux._2018-2019_procedura.pdf\">CODUL DE ETICA AL PERSONALULUI DIDACTIC SI DIDACTIC AUXILIAR<\/a><\/p>\n<p><a href=\"http:\/\/www.amus-campina.ro\/wp-content\/uploads\/2019\/03\/PH_043_PAS_2018-2023_SPLP_Campina.pdf\">PLAN DE ACTIUNE AL SCOLII &#8211; PLANUL OPERATIONAL PENTRU ANUL SCOLAR 2018 &#8211; 2019<\/a><\/p>\n<p><a href=\"http:\/\/www.amus-campina.ro\/wp-content\/uploads\/2019\/12\/PH_043_PAS_2019-2020_Sc_Postliceala_louis_Pasteur_Campina.pdf\">PLAN DE ACTIUNE AL SCOLII PENTRU ANUL SCOLAR 2019 &#8211; 2020<\/a><\/p>\n<p><a href=\"http:\/\/www.amus-campina.ro\/wp-content\/uploads\/2019\/02\/10062901_2017_RAEI.pdf\">RAPORTUL ANUAL DE EVALUARE INTERNA A CALITATII 2017 &#8211; 2018<\/a><\/p>\n<p><a href=\"http:\/\/www.amus-campina.ro\/wp-content\/uploads\/2018\/11\/raport_an-sc_-2017-2018.pdf\">RAPORT AN SCOLAR 2017 &#8211; 2018<\/a><\/p>\n<p><a href=\"http:\/\/www.amus-campina.ro\/wp-content\/uploads\/2020\/11\/Performante-obtinute-la-concursuri-si-olimpiade-1.pdf\">Performante obtinute la concursuri si olimpiade<\/a><\/p>\n","protected":false},"excerpt":{"rendered":"<p>PLAN\u00a0 DE\u00a0 M\u0102SURI\u00a0 DE PREVENIRE \u015eI COMBATERE A VIOLEN\u0162EI \u00ceN \u015eCOALA POSTLICEAL\u0102 \u201cLOUIS PASTEUR\u201d\u00a0AN\u00a0 \u015eCOLAR\u00a0 2018 \u2013 2019 REGULAMENT INTER AN SCOLAR 2018 &#8211; 2019 REGULAMENTUL DE ORGANIZARE SI FUNCTIONARE AN SCOLAR 2018 &#8211; 2019 CODUL DE ETICA AL PERSONALULUI DIDACTIC SI DIDACTIC AUXILIAR PLAN DE ACTIUNE AL SCOLII &#8211; PLANUL OPERATIONAL PENTRU ANUL SCOLAR &hellip; <a href=\"http:\/\/www.amus-campina.ro\/?page_id=766\" class=\"more-link\">Cite\u0219te \u00een continuare <span class=\"screen-reader-text\">Arhiva<\/span> <span class=\"meta-nav\">&rarr;<\/span><\/a><\/p>\n","protected":false},"author":2,"featured_media":0,"parent":359,"menu_order":0,"comment_status":"closed","ping_status":"closed","template":"","meta":[],"_links":{"self":[{"href":"http:\/\/www.amus-campina.ro\/index.php?rest_route=\/wp\/v2\/pages\/766"}],"collection":[{"href":"http:\/\/www.amus-campina.ro\/index.php?rest_route=\/wp\/v2\/pages"}],"about":[{"href":"http:\/\/www.amus-campina.ro\/index.php?rest_route=\/wp\/v2\/types\/page"}],"author":[{"embeddable":true,"href":"http:\/\/www.amus-campina.ro\/index.php?rest_route=\/wp\/v2\/users\/2"}],"replies":[{"embeddable":true,"href":"http:\/\/www.amus-campina.ro\/index.php?rest_route=%2Fwp%2Fv2%2Fcomments&post=766"}],"version-history":[{"count":2,"href":"http:\/\/www.amus-campina.ro\/index.php?rest_route=\/wp\/v2\/pages\/766\/revisions"}],"predecessor-version":[{"id":824,"href":"http:\/\/www.amus-campina.ro\/index.php?rest_route=\/wp\/v2\/pages\/766\/revisions\/824"}],"up":[{"embeddable":true,"href":"http:\/\/www.amus-campina.ro\/index.php?rest_route=\/wp\/v2\/pages\/359"}],"wp:attachment":[{"href":"http:\/\/www.amus-campina.ro\/index.php?rest_route=%2Fwp%2Fv2%2Fmedia&parent=766"}],"curies":[{"name":"wp","href":"https:\/\/api.w.org\/{rel}","templated":true}]}}