{"id":1315,"date":"2025-12-02T14:08:43","date_gmt":"2025-12-02T12:08:43","guid":{"rendered":"https:\/\/www.amus-campina.ro\/?page_id=1315"},"modified":"2025-12-02T14:31:42","modified_gmt":"2025-12-02T12:31:42","slug":"acces-classroom","status":"publish","type":"page","link":"https:\/\/www.amus-campina.ro\/?page_id=1315","title":{"rendered":"Acces classroom"},"content":{"rendered":"\n<p>Aceast\u0103 pagin\u0103 este destinat\u0103 elevilor \u0219i profesorilor \u0218colii Postliceale Sanitare \u201eLouis Pasteur\u201d C\u00e2mpina.<br>Pentru acces la Google Classroom este necesar un cont @amus-campina.ro.<\/p>\n\n\n\n<div class=\"is-layout-flex wp-block-buttons\">\n<div class=\"wp-block-button is-style-fill\"><a class=\"wp-block-button__link wp-element-button\" href=\"https:\/\/accounts.google.com\/AccountChooser?hd=amus-campina.ro&amp;continue=https:\/\/classroom.google.com\">Intra in classroom<\/a><\/div>\n\n\n\n<div class=\"wp-block-button\"><a class=\"wp-block-button__link wp-element-button\" href=\"https:\/\/accounts.google.com\/AccountChooser?hd=amus-campina.ro&amp;continue=https:\/\/mail.google.com\">Deschide Gmail<\/a><\/div>\n\n\n\n<div class=\"wp-block-button\"><a class=\"wp-block-button__link wp-element-button\" href=\"https:\/\/accounts.google.com\/AccountChooser?hd=amus-campina.ro&amp;continue=https:\/\/drive.google.com\">Deschide Google Drive<\/a><\/div>\n<\/div>\n\n\n\n<div class=\"is-layout-flex wp-block-buttons\"><\/div>\n\n\n\n<div class=\"is-layout-flex wp-block-buttons\"><\/div>\n\n\n\n<h3><strong>Instruc\u021biuni de autentificare<\/strong><\/h3>\n\n\n\n<ol>\n<li>Pentru acces \u00een Google Classroom, folosi\u021bi <strong>numai contul institu\u021bional<\/strong> de forma:<br><strong><a>prenume.nume@amus-campina.ro<\/a><\/strong><\/li>\n\n\n\n<li>Dup\u0103 ap\u0103sarea butonului, dac\u0103 apare fereastra \u201eAlege\u021bi un cont\u201d, selecta\u021bi contul @amus-campina.ro.<br>Dac\u0103 nu apare \u00een list\u0103, introduce\u021bi-l manual.<\/li>\n\n\n\n<li>Introduce\u021bi <strong>parola primit\u0103 de la secretariat \/ administratorul platformei<\/strong>.<\/li>\n\n\n\n<li>Dup\u0103 autentificare, ve\u021bi fi direc\u021biona\u021bi automat \u00een <strong>Google Classroom<\/strong>, unde apar toate modulele (clasele) \u00een care sunte\u021bi \u00eenscri\u0219i.<\/li>\n<\/ol>\n","protected":false},"excerpt":{"rendered":"<p>Aceast\u0103 pagin\u0103 este destinat\u0103 elevilor \u0219i profesorilor \u0218colii Postliceale Sanitare \u201eLouis Pasteur\u201d C\u00e2mpina.Pentru acces la Google Classroom este necesar un cont @amus-campina.ro. Instruc\u021biuni de autentificare<\/p>\n","protected":false},"author":2,"featured_media":0,"parent":0,"menu_order":0,"comment_status":"closed","ping_status":"closed","template":"","meta":[],"_links":{"self":[{"href":"https:\/\/www.amus-campina.ro\/index.php?rest_route=\/wp\/v2\/pages\/1315"}],"collection":[{"href":"https:\/\/www.amus-campina.ro\/index.php?rest_route=\/wp\/v2\/pages"}],"about":[{"href":"https:\/\/www.amus-campina.ro\/index.php?rest_route=\/wp\/v2\/types\/page"}],"author":[{"embeddable":true,"href":"https:\/\/www.amus-campina.ro\/index.php?rest_route=\/wp\/v2\/users\/2"}],"replies":[{"embeddable":true,"href":"https:\/\/www.amus-campina.ro\/index.php?rest_route=%2Fwp%2Fv2%2Fcomments&post=1315"}],"version-history":[{"count":10,"href":"https:\/\/www.amus-campina.ro\/index.php?rest_route=\/wp\/v2\/pages\/1315\/revisions"}],"predecessor-version":[{"id":1328,"href":"https:\/\/www.amus-campina.ro\/index.php?rest_route=\/wp\/v2\/pages\/1315\/revisions\/1328"}],"wp:attachment":[{"href":"https:\/\/www.amus-campina.ro\/index.php?rest_route=%2Fwp%2Fv2%2Fmedia&parent=1315"}],"curies":[{"name":"wp","href":"https:\/\/api.w.org\/{rel}","templated":true}]}}