{"id":2,"date":"2013-06-18T11:07:53","date_gmt":"2013-06-18T11:07:53","guid":{"rendered":"http:\/\/www.amus-campina.ro\/?page_id=2"},"modified":"2025-11-06T08:57:59","modified_gmt":"2025-11-06T06:57:59","slug":"sample-page","status":"publish","type":"page","link":"https:\/\/www.amus-campina.ro\/","title":{"rendered":"ASOCIATIA MUTUALA AMUS FRANCE ROUMANIE"},"content":{"rendered":"<div style=\"width: 604px;\" class=\"wp-video\"><!--[if lt IE 9]><script>document.createElement('video');<\/script><![endif]-->\n<video class=\"wp-video-shortcode\" id=\"video-2-1\" width=\"604\" height=\"340\" preload=\"metadata\" controls=\"controls\"><source type=\"video\/mp4\" src=\"http:\/\/www.amus-campina.ro\/wp-content\/uploads\/2013\/06\/promo-scoala_Small.mp4?_=1\" \/><a href=\"http:\/\/www.amus-campina.ro\/wp-content\/uploads\/2013\/06\/promo-scoala_Small.mp4\">http:\/\/www.amus-campina.ro\/wp-content\/uploads\/2013\/06\/promo-scoala_Small.mp4<\/a><\/video><\/div>\n<h5 style=\"text-align: justify;\"><strong>ASOCIA\u0162IA MUTUAL\u0102 AMUS FRANCE ROUMANIE<\/strong> \u00a0este o institu\u0163ie nonguvernamental\u0103, f\u0103r\u0103 scop patrimonial, de drept privat, \u00eenfiin\u0163at\u0103 \u00een ianuarie 1999.<\/h5>\n<h3 style=\"text-align: center;\"><a href=\"http:\/\/www.amus-campina.ro\/?page_id=9\">SCOALA POSTLICEALA<\/a><a href=\"http:\/\/www.amus-campina.ro\/?page_id=31\">\u00a0<\/a><a href=\"http:\/\/www.amus-campina.ro\/?page_id=31\">&#8211; INSCRIERI<\/a><\/h3>\n<p>\u00a0<img decoding=\"async\" loading=\"lazy\" src=\"http:\/\/www.amus-campina.ro\/wp-content\/uploads\/2025\/11\/Oferta-educationala-2025-2026-ultima-208x300.jpg\" alt=\"\" width=\"208\" height=\"300\" \/>\u00a0\u00a0<\/p>\n<h4 style=\"text-align: justify;\"><strong><a href=\"http:\/\/www.amus-campina.ro\/?page_id=9\">1. DEPARTAMENTUL DE \u00ceNV\u0102\u0162\u0102M\u00c2NT\/ EDUCA\u0162IE<\/a><\/strong><\/h4>\n<h5 style=\"text-align: justify;\">\u00cen cadrul acestui departament \u00ee\u015fi desf\u0103\u015foar\u0103 activitatea<strong><a href=\"http:\/\/www.amus-campina.ro\/?page_id=9\"> \u015eCOALA POSTLICEAL\u0102 LOUIS PASTEUR<\/a><\/strong>. \u00cenfiin\u0163at\u0103 \u00een anul 1999, \u015eCOALA POSTLICEAL\u0102 LOUIS PASTEUR a devenit una dintre cele mai prestigioase institu\u0163ii de \u00eenv\u0103\u0163\u0103m\u00e2nt sanitar. \u00cen cadrul \u015fcolii se pot urma cursurile pentru specializ\u0103rile Asistent Medical Generalist \u015fi Asistent Medical de Farmacie. \u015ecoala este printre primele acreditate \u00een Rom\u00e2nia, iar diplomele sunt recunoscute interna\u0163ional.<\/h5>\n<table style=\"height: 412px;\" width=\"831\">\n<tbody>\n<tr>\n<td width=\"318\"><strong>JURAMANTUL ASISTENTULUI MEDICAL<\/strong><\/td>\n<td width=\"318\"><strong>JURAMANTUL FARMACISTULUI<\/strong><\/td>\n<\/tr>\n<tr>\n<td width=\"318\">\n<h5>&#8222;In numele Vietii si al Onoarei,Jur sa imi exercit profesia cu demnitate, sa respect fiinta umana si drepturile sale si sa pastrez secretul profesional.<\/h5>\n<h5>Jur ca nu voi ingadui sa se interpuna intre datoria mea si pacient consideratii de nationalitate, rasa, religie, apartenenta politica sau stare sociala.<\/h5>\n<h5>Voi pastra respectul deplin pentru viata umana chiar sub amenintare si nu voi utiliza cunostintele mele medicale contrar legilor umanitatii.<\/h5>\n<h5>Fac acest juramant in mod solemn si liber!&#8221;<\/h5>\n<\/td>\n<td width=\"318\">\n<h5>&#8222;In intreaga mea activitate voi da dovada de o atitudine profund umana fata de om si colectivitate.<\/h5>\n<h5>Voi respecta demnitatea si personalitatea bolnavului, exercitand profesiunea cu contiinciozitate, respectand normele de etica si de deontologie farmaceutica.<\/h5>\n<h5>Voi fi corect cu mine insumi si cu confratii mei,carora le voi cere colaborarea , si nu voi refuza sa le acord sprijinul, cand mi se va cere, in interesul bolnavului.<\/h5>\n<h5>Nu voi accepta sub nici un motiv ca activitatea mea de farmacist sa fie utilizata impotriva sanatatii si vietii omului.<\/h5>\n<h5>Voi fi rabdator si intelegator fata de cel care, datorita bolii, nu-mi acorda respectul cuvenit.<\/h5>\n<h5>Jur pe onoare, in mod solemn si liber!&#8221;<\/h5>\n<\/td>\n<\/tr>\n<\/tbody>\n<\/table>\n<h4 style=\"text-align: justify;\"><strong><a href=\"http:\/\/www.amus-campina.ro\/?page_id=22\">2. DEPARTAMENTUL DE FORMARE PROFESIONAL\u0102<\/a><\/strong><\/h4>\n<h5 style=\"text-align: justify;\">\u00cen cadrul acestui departament s-a dezvoltat<a href=\"http:\/\/www.amus-campina.ro\/?page_id=22\"><strong> CENTRUL DE FORMARE PROFESIONAL\u0102 AMUS<\/strong>, \u00ee<\/a>n cadrul c\u0103ruia se pot urma cursuri de calificare\/ recalificare \u00een diverse domenii, dar \u015fi cursuri de scurt\u0103 durat\u0103, de ini\u0163iere, specializare sau perfec\u0163ionare. Oricine dore\u015fte s\u0103 profite de o oportunitate aparut\u0103 pe pia\u0163a muncii, se poate adresa centrului. Centrul de Formare Profesional\u0103 Amus beneficiaz\u0103 de formatori exper\u0163i \u00een domeniile de activitate \u015fi cu o mare experien\u0163\u0103 \u00een formare de personal.<\/h5>\n<h4 style=\"text-align: justify;\"><strong><a href=\"http:\/\/www.amus-campina.ro\/?page_id=26\">3. DEPARTAMENTUL DE ACTIVIT\u0102\u0162I COMUNITARE<\/a><\/strong><\/h4>\n<h5 style=\"text-align: justify;\">Conform statutului institu\u0163iei noastre, unul dintre cele mai importante scopuri este acela de a sprijini societatea civil\u0103 \u015fi de a colabora cu autorit\u0103\u0163ile publice \u00een vederea derul\u0103rii de proiecte comune, \u00een folosul cet\u0103\u0163eanului. Imaginea institu\u0163iei noastre se creaz\u0103 prin implicarea activ\u0103 \u00een via\u0163a comunit\u0103\u0163ii, at\u00e2t prin activit\u0103\u0163i proprii, c\u00e2t \u015fi prin parteneriate. Asocia\u0163ia noastr\u0103 \u00ee\u015fi dore\u015fte s\u0103 vitalizeze via\u0163a cultural\u0103 a municipiului, s\u0103 sensibilizeze popula\u0163ia cu privire la problemele de s\u0103n\u0103tate public\u0103, dar \u015fi s\u0103 se implice activ \u00een educa\u0163ia civic\u0103 \u015fi promovarea unui stil responsabil de via\u0163\u0103 \u00een comunitate.<\/h5>\n<h4 style=\"text-align: justify;\"><strong><a href=\"http:\/\/www.amus-campina.ro\/?page_id=34\">4. DEPARTAMENTUL DE TINERET \u015eI SPORT<\/a><\/strong><\/h4>\n<h5 style=\"text-align: justify;\">\u00cencep\u00e2nd cu decembrie 2013, \u00een cadrul Asocia\u0163iei Mutuale Amus France Roumanie fiin\u0163eaz\u0103 \u015fi un club sportiv ce se adreseaz\u0103 cu prec\u0103dere tinerilor. \u00cen cadrul acestui club func\u0163ioneaz\u0103 sec\u0163ii de schi alpin, atletism, ciclism \u015fi, pe m\u0103sur\u0103 ce se dezvolt\u0103, clubul \u00ee\u015fi va deschide alte sec\u0163ii de interes pentru tineri.<\/h5>\n<p style=\"text-align: justify;\"><strong><img decoding=\"async\" title=\"Mai multe...\" src=\"http:\/\/www.amus-campina.ro\/wp-includes\/js\/tinymce\/plugins\/wordpress\/img\/trans.gif\" alt=\"\" \/><\/strong><\/p>\n<p><strong style=\"line-height: 24px; text-align: justify;\">\u00a0<\/strong><\/p>\n","protected":false},"excerpt":{"rendered":"<p>ASOCIA\u0162IA MUTUAL\u0102 AMUS FRANCE ROUMANIE \u00a0este o institu\u0163ie nonguvernamental\u0103, f\u0103r\u0103 scop patrimonial, de drept privat, \u00eenfiin\u0163at\u0103 \u00een ianuarie 1999. SCOALA POSTLICEALA\u00a0&#8211; INSCRIERI \u00a0\u00a0\u00a0 1. DEPARTAMENTUL DE \u00ceNV\u0102\u0162\u0102M\u00c2NT\/ EDUCA\u0162IE \u00cen cadrul acestui departament \u00ee\u015fi desf\u0103\u015foar\u0103 activitatea \u015eCOALA POSTLICEAL\u0102 LOUIS PASTEUR. \u00cenfiin\u0163at\u0103 \u00een anul 1999, \u015eCOALA POSTLICEAL\u0102 LOUIS PASTEUR a devenit una dintre cele mai prestigioase institu\u0163ii &hellip; <a href=\"https:\/\/www.amus-campina.ro\/\" class=\"more-link\">Cite\u0219te \u00een continuare <span class=\"screen-reader-text\">ASOCIATIA MUTUALA AMUS FRANCE ROUMANIE<\/span> <span class=\"meta-nav\">&rarr;<\/span><\/a><\/p>\n","protected":false},"author":1,"featured_media":60,"parent":0,"menu_order":1,"comment_status":"open","ping_status":"open","template":"","meta":[],"_links":{"self":[{"href":"https:\/\/www.amus-campina.ro\/index.php?rest_route=\/wp\/v2\/pages\/2"}],"collection":[{"href":"https:\/\/www.amus-campina.ro\/index.php?rest_route=\/wp\/v2\/pages"}],"about":[{"href":"https:\/\/www.amus-campina.ro\/index.php?rest_route=\/wp\/v2\/types\/page"}],"author":[{"embeddable":true,"href":"https:\/\/www.amus-campina.ro\/index.php?rest_route=\/wp\/v2\/users\/1"}],"replies":[{"embeddable":true,"href":"https:\/\/www.amus-campina.ro\/index.php?rest_route=%2Fwp%2Fv2%2Fcomments&post=2"}],"version-history":[{"count":53,"href":"https:\/\/www.amus-campina.ro\/index.php?rest_route=\/wp\/v2\/pages\/2\/revisions"}],"predecessor-version":[{"id":1397,"href":"https:\/\/www.amus-campina.ro\/index.php?rest_route=\/wp\/v2\/pages\/2\/revisions\/1397"}],"wp:featuredmedia":[{"embeddable":true,"href":"https:\/\/www.amus-campina.ro\/index.php?rest_route=\/wp\/v2\/media\/60"}],"wp:attachment":[{"href":"https:\/\/www.amus-campina.ro\/index.php?rest_route=%2Fwp%2Fv2%2Fmedia&parent=2"}],"curies":[{"name":"wp","href":"https:\/\/api.w.org\/{rel}","templated":true}]}}