{"id":22,"date":"2013-08-08T09:36:42","date_gmt":"2013-08-08T09:36:42","guid":{"rendered":"http:\/\/www.amus-campina.ro\/?page_id=22"},"modified":"2014-03-23T17:50:41","modified_gmt":"2014-03-23T15:50:41","slug":"centrul-de-formare-profesionala-amus","status":"publish","type":"page","link":"https:\/\/www.amus-campina.ro\/?page_id=22","title":{"rendered":"CENTRUL DE FORMARE PROFESIONALA AMUS"},"content":{"rendered":"<p>&nbsp;<\/p>\n<p><strong>CENTRUL DE FORMARE PROFESIONAL\u0102 AMUS<\/strong> este o structur\u0103 dedicat\u0103 form\u0103rii profesionale a adul\u0163ilor.\u00a0 \u00cen cadrul acestui centru se pot urma <strong>cursurile de calificare\/ recalificare<\/strong> pentru:<\/p>\n<ul>\n<li>&#8222;TEHNICIAN MASEUR&#8221;\u00a0<img decoding=\"async\" loading=\"lazy\" class=\"alignnone size-full wp-image-122 ml-lightbox-enabled\" alt=\"masaj\" src=\"http:\/\/www.amus-campina.ro\/wp-content\/uploads\/2013\/08\/masaj.jpg\" width=\"280\" height=\"180\" \/><\/li>\n<\/ul>\n<ul>\n<li>&#8222;\u00ceNGRIJITOARE B\u0102TR\u00c2NI LA DOMICILIU&#8221;<\/li>\n<\/ul>\n<ul>\n<li>&#8222;AGENT DE SECURITATE&#8221;<\/li>\n<\/ul>\n<p>dar \u015fi cursuri de <strong>specializare\/ perfec\u0163ionare<\/strong> precum:<\/p>\n<ul>\n<li>&#8222;SECRETAR\u0102&#8221;<\/li>\n<\/ul>\n<ul>\n<li>&#8222;OPERATOR CALCULATOR&#8221;<\/li>\n<\/ul>\n<ul>\n<li>&#8222;INSPECTOR \u00ceN DOMENIUL S\u0102N\u0102T\u0102\u0162II \u015eI SECURIT\u0102\u0162II \u00ceN MUNC\u0102&#8221;<\/li>\n<\/ul>\n<ul>\n<li>&#8222;FORMATOR&#8221;<\/li>\n<\/ul>\n<ul>\n<li>&#8222;MANAGER DE PROIECT&#8221;<\/li>\n<\/ul>\n<ul>\n<li>&#8222;EXPERT ACHIZI\u0162II PUBLICE&#8221;<\/li>\n<\/ul>\n","protected":false},"excerpt":{"rendered":"<p>&nbsp; CENTRUL DE FORMARE PROFESIONAL\u0102 AMUS este o structur\u0103 dedicat\u0103 form\u0103rii profesionale a adul\u0163ilor.\u00a0 \u00cen cadrul acestui centru se pot urma cursurile de calificare\/ recalificare pentru: &#8222;TEHNICIAN MASEUR&#8221;\u00a0 &#8222;\u00ceNGRIJITOARE B\u0102TR\u00c2NI LA DOMICILIU&#8221; &#8222;AGENT DE SECURITATE&#8221; dar \u015fi cursuri de specializare\/ perfec\u0163ionare precum: &#8222;SECRETAR\u0102&#8221; &#8222;OPERATOR CALCULATOR&#8221; &#8222;INSPECTOR \u00ceN DOMENIUL S\u0102N\u0102T\u0102\u0162II \u015eI SECURIT\u0102\u0162II \u00ceN MUNC\u0102&#8221; &#8222;FORMATOR&#8221; &#8222;MANAGER &hellip; <a href=\"https:\/\/www.amus-campina.ro\/?page_id=22\" class=\"more-link\">Cite\u0219te \u00een continuare <span class=\"screen-reader-text\">CENTRUL DE FORMARE PROFESIONALA AMUS<\/span> <span class=\"meta-nav\">&rarr;<\/span><\/a><\/p>\n","protected":false},"author":1,"featured_media":0,"parent":0,"menu_order":3,"comment_status":"open","ping_status":"open","template":"","meta":[],"_links":{"self":[{"href":"https:\/\/www.amus-campina.ro\/index.php?rest_route=\/wp\/v2\/pages\/22"}],"collection":[{"href":"https:\/\/www.amus-campina.ro\/index.php?rest_route=\/wp\/v2\/pages"}],"about":[{"href":"https:\/\/www.amus-campina.ro\/index.php?rest_route=\/wp\/v2\/types\/page"}],"author":[{"embeddable":true,"href":"https:\/\/www.amus-campina.ro\/index.php?rest_route=\/wp\/v2\/users\/1"}],"replies":[{"embeddable":true,"href":"https:\/\/www.amus-campina.ro\/index.php?rest_route=%2Fwp%2Fv2%2Fcomments&post=22"}],"version-history":[{"count":5,"href":"https:\/\/www.amus-campina.ro\/index.php?rest_route=\/wp\/v2\/pages\/22\/revisions"}],"predecessor-version":[{"id":176,"href":"https:\/\/www.amus-campina.ro\/index.php?rest_route=\/wp\/v2\/pages\/22\/revisions\/176"}],"wp:attachment":[{"href":"https:\/\/www.amus-campina.ro\/index.php?rest_route=%2Fwp%2Fv2%2Fmedia&parent=22"}],"curies":[{"name":"wp","href":"https:\/\/api.w.org\/{rel}","templated":true}]}}