{"id":277,"date":"2014-05-04T15:25:55","date_gmt":"2014-05-04T13:25:55","guid":{"rendered":"http:\/\/www.amus-campina.ro\/?page_id=277"},"modified":"2025-12-22T09:18:14","modified_gmt":"2025-12-22T07:18:14","slug":"amus-15-ani-de-societate-civila","status":"publish","type":"page","link":"https:\/\/www.amus-campina.ro\/?page_id=277","title":{"rendered":"Implicare sociala"},"content":{"rendered":"\n<div class=\"wp-block-cover\"><span aria-hidden=\"true\" class=\"wp-block-cover__background has-background-dim\"><\/span><img decoding=\"async\" loading=\"lazy\" width=\"1800\" height=\"1014\" class=\"wp-block-cover__image-background wp-image-1374\" alt=\"\" src=\"https:\/\/www.amus-campina.ro\/wp-content\/uploads\/2025\/12\/concordia-cover.jpg\" data-object-fit=\"cover\" srcset=\"https:\/\/www.amus-campina.ro\/wp-content\/uploads\/2025\/12\/concordia-cover.jpg 1800w, https:\/\/www.amus-campina.ro\/wp-content\/uploads\/2025\/12\/concordia-cover-300x169.jpg 300w, https:\/\/www.amus-campina.ro\/wp-content\/uploads\/2025\/12\/concordia-cover-1024x577.jpg 1024w, https:\/\/www.amus-campina.ro\/wp-content\/uploads\/2025\/12\/concordia-cover-768x433.jpg 768w, https:\/\/www.amus-campina.ro\/wp-content\/uploads\/2025\/12\/concordia-cover-1536x865.jpg 1536w\" sizes=\"(max-width: 1800px) 100vw, 1800px\" \/><div class=\"wp-block-cover__inner-container\">\n<p class=\"has-text-align-center has-large-font-size\">AMUS &#8211; 26 ANI DE SOCIETATE CIVILA<\/p>\n<\/div><\/div>\n\n\n<p style=\"text-align: justify;\"><a href=\"http:\/\/www.amus-campina.ro\/?page_id=259\">CONCORDIA CIVIUM MURUS URBIUM<\/a><\/p>\n<p style=\"text-align: justify;\">Pe 20 Ianuarie 2025 Asociatia Mutuala Amus France Roumanie a implinit 26 ani.<\/p>\n<p style=\"text-align: justify;\">In urma cu 10 ni am marcat realiz\u0103rile asocia\u021biei \u0219i cu aceasta ocazie, am organizat o gala a societatii civile, pentru a demonstra faptul ca, la nivel local, societatea civila are un cuvant de spus si, mai mult, prin intermediul asociatiei AMUS a contribuit la o relationare armonioasa a structurilor implicate in viata comunitatii.<\/p>\n<p style=\"text-align: center;\"><img decoding=\"async\" loading=\"lazy\" class=\"alignnone size-medium wp-image-273 ml-lightbox-enabled\" src=\"http:\/\/www.amus-campina.ro\/wp-content\/uploads\/2014\/05\/medalie-15-ani-286x300.jpg\" alt=\"medalie 15 ani\" width=\"286\" height=\"300\" srcset=\"https:\/\/www.amus-campina.ro\/wp-content\/uploads\/2014\/05\/medalie-15-ani-286x300.jpg 286w, https:\/\/www.amus-campina.ro\/wp-content\/uploads\/2014\/05\/medalie-15-ani-977x1024.jpg 977w, https:\/\/www.amus-campina.ro\/wp-content\/uploads\/2014\/05\/medalie-15-ani-624x653.jpg 624w\" sizes=\"(max-width: 286px) 100vw, 286px\" \/><\/p>\n<p style=\"text-align: justify;\">Dupa 15 ani de activitate, am ajuns la concluzia, impreuna cu actorii vietii sociale , culturale, administrative si politice din Campina, ca asociatia noastra a gasit o formula de succes: structura asociativa este suportul si liantul intre structura educativa si societate, iar structura educativa, in speta SCOALA POSTLICEALA LOUIS PASTEUR, beneficiaza de implicarea, in cat mai multe domenii ale comunitatii locale, a structurii nonguvernamentale.<\/p>\n<p style=\"text-align: justify;\">Managementul asociatiei, dublat cu succes de un management scolar performant, a insistat in dezvoltarea de relatii institutionale la nivel local si nu numai, in beneficiul elevilor, prin promovarea calitatii in formarea de competente, dar si prin promovarea unei imagini noi a absolventului, capabil, implicat, responsabil si in special integrat din punct de vedere social, cu o mare dorinta de autodezvoltare si cu potential ridicat.<\/p>\n<p style=\"text-align: center;\"><img decoding=\"async\" loading=\"lazy\" class=\"alignnone size-medium wp-image-208 ml-lightbox-enabled\" src=\"http:\/\/www.amus-campina.ro\/wp-content\/uploads\/2014\/03\/DSCN2261-300x225.jpg\" alt=\"DSCN2261\" width=\"300\" height=\"225\" srcset=\"https:\/\/www.amus-campina.ro\/wp-content\/uploads\/2014\/03\/DSCN2261-300x225.jpg 300w, https:\/\/www.amus-campina.ro\/wp-content\/uploads\/2014\/03\/DSCN2261-1024x768.jpg 1024w, https:\/\/www.amus-campina.ro\/wp-content\/uploads\/2014\/03\/DSCN2261-624x467.jpg 624w\" sizes=\"(max-width: 300px) 100vw, 300px\" \/><\/p>\n<p style=\"text-align: justify;\">Manifestarea desfasurata sub egida &#8222;CONCORDIA CIVIUM MURUS URBIUM&#8221; &lt;Consensul intre cetateni reprezinta forta comunitatii&gt; s-a bucurat de o larga participare din partea actorilor implicati in viata comunitatii. Au fost prezenti membrii fondatori, reprezentanti ai administratiei publice locale, d-nul Horia Laurentiu Tiseanu, primarul municipiului Campina, d-nul Ion Dragomir, viceprimarul municipiului, primarii in ale caror mandate asociatia si-a derulat activitatea, avand o foarte buna colaborare, presedintii comisiilor de cultura din cadrul administratiei publice locale, pe parcursul celor 15 ani de activitate, cat si reprezentantii zonali in parlamentul Romaniei, domnul deputat Virgil Guran si domnul senator Georgica Severin profesori, colaboratori, elevi.<\/p>\n<p style=\"text-align: justify;\">Membrii fondatori si colaboratorii au fost decorati cu insigne si medalii, asociatia acordand tuturor participantilor diplome. Deasemenea au fost decernate trofee si plachete colaboratorilor care au demonstrat o extraordinara implicare in viata societatii civile, cu rezultate remarcabile.<\/p>\n<p style=\"text-align: justify;\">Cu ocazia galei, AMUS a editat un numar pilot al publicatiei proprii, in care colaboratori ai asociatiei au publicat mici articole.<\/p>\n<p>O s\u0103 p\u0103str\u0103m tradi\u021bia \u0219i, peste 4 ani sper\u0103m s\u0103 organiz\u0103m o a doua edi\u021bie a evenimentului, cu ocazia \u00eemplinirii a 30 de ani de activitate.<\/p>","protected":false},"excerpt":{"rendered":"<p>CONCORDIA CIVIUM MURUS URBIUM Pe 20 Ianuarie 2025 Asociatia Mutuala Amus France Roumanie a implinit 26 ani. In urma cu 10 ni am marcat realiz\u0103rile asocia\u021biei \u0219i cu aceasta ocazie, am organizat o gala a societatii civile, pentru a demonstra faptul ca, la nivel local, societatea civila are un cuvant de spus si, mai mult, &hellip; <a href=\"https:\/\/www.amus-campina.ro\/?page_id=277\" class=\"more-link\">Cite\u0219te \u00een continuare <span class=\"screen-reader-text\">Implicare sociala<\/span> <span class=\"meta-nav\">&rarr;<\/span><\/a><\/p>\n","protected":false},"author":1,"featured_media":0,"parent":26,"menu_order":0,"comment_status":"open","ping_status":"open","template":"","meta":[],"_links":{"self":[{"href":"https:\/\/www.amus-campina.ro\/index.php?rest_route=\/wp\/v2\/pages\/277"}],"collection":[{"href":"https:\/\/www.amus-campina.ro\/index.php?rest_route=\/wp\/v2\/pages"}],"about":[{"href":"https:\/\/www.amus-campina.ro\/index.php?rest_route=\/wp\/v2\/types\/page"}],"author":[{"embeddable":true,"href":"https:\/\/www.amus-campina.ro\/index.php?rest_route=\/wp\/v2\/users\/1"}],"replies":[{"embeddable":true,"href":"https:\/\/www.amus-campina.ro\/index.php?rest_route=%2Fwp%2Fv2%2Fcomments&post=277"}],"version-history":[{"count":9,"href":"https:\/\/www.amus-campina.ro\/index.php?rest_route=\/wp\/v2\/pages\/277\/revisions"}],"predecessor-version":[{"id":1378,"href":"https:\/\/www.amus-campina.ro\/index.php?rest_route=\/wp\/v2\/pages\/277\/revisions\/1378"}],"up":[{"embeddable":true,"href":"https:\/\/www.amus-campina.ro\/index.php?rest_route=\/wp\/v2\/pages\/26"}],"wp:attachment":[{"href":"https:\/\/www.amus-campina.ro\/index.php?rest_route=%2Fwp%2Fv2%2Fmedia&parent=277"}],"curies":[{"name":"wp","href":"https:\/\/api.w.org\/{rel}","templated":true}]}}