{"id":412,"date":"2014-05-07T09:09:39","date_gmt":"2014-05-07T07:09:39","guid":{"rendered":"http:\/\/www.amus-campina.ro\/?page_id=412"},"modified":"2015-06-09T20:51:55","modified_gmt":"2015-06-09T18:51:55","slug":"misiunea-scolii","status":"publish","type":"page","link":"https:\/\/www.amus-campina.ro\/?page_id=412","title":{"rendered":"MISIUNEA SCOLII"},"content":{"rendered":"<h1 style=\"text-align: justify;\"><span style=\"color: #ff0000;\"><b>Misiunea:<\/b><\/span><\/h1>\n<ol>\n<li>\n<h1><strong><span style=\"color: #ff0000;\">Asigurarea egalit\u0103\u021bii de \u0219anse \u0219i sporirea accesului la educa\u021bie<\/span><\/strong><\/h1>\n<\/li>\n<li>\n<h1><strong><span style=\"color: #ff0000;\">Alinierea sistemului de \u00eenv\u0103\u021b\u0103m\u00e2nt propriu la sistemul na\u021bional si european de educatie<\/span><\/strong><\/h1>\n<\/li>\n<li>\n<h1><strong><span style=\"color: #ff0000;\">Dezvoltarea capacit\u0103\u021bilor intelectuale, a cuno\u0219tin\u021belor moral-civice \u0219i a deprinderilor practice care sa conduc\u0103 la ob\u021binerea de rezultate performante<\/span><\/strong><\/h1>\n<\/li>\n<li>\n<h1><strong><span style=\"color: #ff0000;\">Stimularea \u00eenv\u0103\u021b\u0103rii pe tot parcursul vie\u021bii<\/span><\/strong><\/h1>\n<\/li>\n<\/ol>\n<h2 style=\"text-align: justify;\">Cele 4 puncte enuntate se pot detalia astfel:<\/h2>\n<h2 style=\"text-align: justify;\"><strong>Misiunea \u0219colii este s\u0103 asigure o educa\u021bie de calitate pentru dezvoltarea intelectual\u0103, social\u0103 \u0219i profesional\u0103 a tinerilor, \u00een vederea adapt\u0103rii socio-economice a cursan\u021bilor ca viitori cet\u0103\u021beni activi, deplin con\u0219tien\u021bi de propria valoare \u0219i competitivi pe pia\u021ba muncii local\u0103 \u0219i european\u0103.<\/strong><\/h2>\n<h2 style=\"text-align: justify;\"><strong>Ne propunem s\u0103 asigur\u0103m aceast\u0103 calitate printr-un climat intern stimulativ at\u00e2t pentru elevi, c\u00e2t \u0219i pentru profesori, sensibil la nevoile locale \u0219i regionale.<\/strong><\/h2>\n<h2 style=\"text-align: justify;\"><strong>Vom promova un management eficient al tuturor resurselor pentru \u00eendeplinirea acestei misiuni, iar \u00een acest scop vom urm\u0103ri :<\/strong><\/h2>\n<h2 style=\"text-align: justify;\"><strong>a. asigurarea egalit\u0103\u021bii de \u0219anse \u0219i sporirea accesului la educa\u021bie;<\/strong><\/h2>\n<h2 style=\"text-align: justify;\"><strong>b. asigurarea unui standard ridicat al educa\u021biei \u0219i compatibilizarea sistemului na\u021bional de \u00eenv\u0103\u021b\u0103m\u00e2nt cu sistemul european de educa\u021bie \u0219i formare profesional\u0103;<\/strong><\/h2>\n<h2 style=\"text-align: justify;\"><strong>c. dezvoltarea aptitudinilor intelectuale, practice \u0219i artistice;<\/strong><\/h2>\n<h2 style=\"text-align: justify;\"><strong>d. formarea profesional\u0103 superioar\u0103 dar \u0219i a unui orizont larg de cultur\u0103 general\u0103, a unor cuno\u0219tin\u021be moral-civice dezvoltate;<\/strong><\/h2>\n<h2 style=\"text-align: justify;\"><strong>e. stimularea educa\u021biei permanente;<\/strong><\/h2>\n<h2 style=\"text-align: justify;\"><strong>f. cre\u0219terea capacit\u0103\u021bii institu\u021bionale pentru elaborarea \u0219i gestionarea proiectelor europene;<\/strong><\/h2>\n<h2 style=\"text-align: justify;\"><strong>g. preg\u0103tirea elevilor pentru ob\u021binerea unor rezultate performante.<\/strong><\/h2>\n","protected":false},"excerpt":{"rendered":"<p>Misiunea: Asigurarea egalit\u0103\u021bii de \u0219anse \u0219i sporirea accesului la educa\u021bie Alinierea sistemului de \u00eenv\u0103\u021b\u0103m\u00e2nt propriu la sistemul na\u021bional si european de educatie Dezvoltarea capacit\u0103\u021bilor intelectuale, a cuno\u0219tin\u021belor moral-civice \u0219i a deprinderilor practice care sa conduc\u0103 la ob\u021binerea de rezultate performante Stimularea \u00eenv\u0103\u021b\u0103rii pe tot parcursul vie\u021bii Cele 4 puncte enuntate se pot detalia astfel: Misiunea &hellip; <a href=\"https:\/\/www.amus-campina.ro\/?page_id=412\" class=\"more-link\">Cite\u0219te \u00een continuare <span class=\"screen-reader-text\">MISIUNEA SCOLII<\/span> <span class=\"meta-nav\">&rarr;<\/span><\/a><\/p>\n","protected":false},"author":1,"featured_media":0,"parent":306,"menu_order":0,"comment_status":"open","ping_status":"open","template":"","meta":[],"_links":{"self":[{"href":"https:\/\/www.amus-campina.ro\/index.php?rest_route=\/wp\/v2\/pages\/412"}],"collection":[{"href":"https:\/\/www.amus-campina.ro\/index.php?rest_route=\/wp\/v2\/pages"}],"about":[{"href":"https:\/\/www.amus-campina.ro\/index.php?rest_route=\/wp\/v2\/types\/page"}],"author":[{"embeddable":true,"href":"https:\/\/www.amus-campina.ro\/index.php?rest_route=\/wp\/v2\/users\/1"}],"replies":[{"embeddable":true,"href":"https:\/\/www.amus-campina.ro\/index.php?rest_route=%2Fwp%2Fv2%2Fcomments&post=412"}],"version-history":[{"count":4,"href":"https:\/\/www.amus-campina.ro\/index.php?rest_route=\/wp\/v2\/pages\/412\/revisions"}],"predecessor-version":[{"id":463,"href":"https:\/\/www.amus-campina.ro\/index.php?rest_route=\/wp\/v2\/pages\/412\/revisions\/463"}],"up":[{"embeddable":true,"href":"https:\/\/www.amus-campina.ro\/index.php?rest_route=\/wp\/v2\/pages\/306"}],"wp:attachment":[{"href":"https:\/\/www.amus-campina.ro\/index.php?rest_route=%2Fwp%2Fv2%2Fmedia&parent=412"}],"curies":[{"name":"wp","href":"https:\/\/api.w.org\/{rel}","templated":true}]}}