{"id":415,"date":"2014-05-07T09:11:00","date_gmt":"2014-05-07T07:11:00","guid":{"rendered":"http:\/\/www.amus-campina.ro\/?page_id=415"},"modified":"2014-05-07T09:11:00","modified_gmt":"2014-05-07T07:11:00","slug":"viziunea-scolii","status":"publish","type":"page","link":"https:\/\/www.amus-campina.ro\/?page_id=415","title":{"rendered":"VIZIUNEA SCOLII"},"content":{"rendered":"<h1><span style=\"color: #ff0000;\"><b>Viziunea:<\/b><\/span><\/h1>\n<h2>\u201dEDUCA\u021aIA VOASTR\u0102 \u2013 DATORIA NOASTR\u0102\u201d!!!<\/h2>\n<p style=\"text-align: justify;\">\u00a0\u00a0\u00a0\u00a0\u00a0\u00a0\u00a0\u00a0\u00a0\u00a0<strong>\u00a0 Viziunea cuprinde contextul \u00een care s-a conturat \u0219coala noastr\u0103, ca institu\u021bie care func\u021bioneaz\u0103 pe baza unor anumite reguli, av\u00e2nd un rol important \u00een realizarea interac\u021biunii: educa\u021bie, competitivitate profesional\u0103, formare uman\u0103.<\/strong><\/p>\n<p style=\"text-align: justify;\"><strong>\u00a0\u00a0\u00a0\u00a0\u00a0\u00a0\u00a0\u00a0\u00a0\u00a0\u00a0 \u0218coala noastr\u0103 devine acel motor care prin crea\u021biile sale propulseaz\u0103 pe o traiectorie ascendent\u0103 economia zonei, s\u0103n\u0103tatea, cultura \u0219i bun\u0103starea de valori umane \u0219i profesionale.<\/strong><\/p>\n","protected":false},"excerpt":{"rendered":"<p>Viziunea: \u201dEDUCA\u021aIA VOASTR\u0102 \u2013 DATORIA NOASTR\u0102\u201d!!! \u00a0\u00a0\u00a0\u00a0\u00a0\u00a0\u00a0\u00a0\u00a0\u00a0\u00a0 Viziunea cuprinde contextul \u00een care s-a conturat \u0219coala noastr\u0103, ca institu\u021bie care func\u021bioneaz\u0103 pe baza unor anumite reguli, av\u00e2nd un rol important \u00een realizarea interac\u021biunii: educa\u021bie, competitivitate profesional\u0103, formare uman\u0103. \u00a0\u00a0\u00a0\u00a0\u00a0\u00a0\u00a0\u00a0\u00a0\u00a0\u00a0 \u0218coala noastr\u0103 devine acel motor care prin crea\u021biile sale propulseaz\u0103 pe o traiectorie ascendent\u0103 economia zonei, s\u0103n\u0103tatea, &hellip; <a href=\"https:\/\/www.amus-campina.ro\/?page_id=415\" class=\"more-link\">Cite\u0219te \u00een continuare <span class=\"screen-reader-text\">VIZIUNEA SCOLII<\/span> <span class=\"meta-nav\">&rarr;<\/span><\/a><\/p>\n","protected":false},"author":1,"featured_media":0,"parent":306,"menu_order":0,"comment_status":"open","ping_status":"open","template":"","meta":[],"_links":{"self":[{"href":"https:\/\/www.amus-campina.ro\/index.php?rest_route=\/wp\/v2\/pages\/415"}],"collection":[{"href":"https:\/\/www.amus-campina.ro\/index.php?rest_route=\/wp\/v2\/pages"}],"about":[{"href":"https:\/\/www.amus-campina.ro\/index.php?rest_route=\/wp\/v2\/types\/page"}],"author":[{"embeddable":true,"href":"https:\/\/www.amus-campina.ro\/index.php?rest_route=\/wp\/v2\/users\/1"}],"replies":[{"embeddable":true,"href":"https:\/\/www.amus-campina.ro\/index.php?rest_route=%2Fwp%2Fv2%2Fcomments&post=415"}],"version-history":[{"count":1,"href":"https:\/\/www.amus-campina.ro\/index.php?rest_route=\/wp\/v2\/pages\/415\/revisions"}],"predecessor-version":[{"id":416,"href":"https:\/\/www.amus-campina.ro\/index.php?rest_route=\/wp\/v2\/pages\/415\/revisions\/416"}],"up":[{"embeddable":true,"href":"https:\/\/www.amus-campina.ro\/index.php?rest_route=\/wp\/v2\/pages\/306"}],"wp:attachment":[{"href":"https:\/\/www.amus-campina.ro\/index.php?rest_route=%2Fwp%2Fv2%2Fmedia&parent=415"}],"curies":[{"name":"wp","href":"https:\/\/api.w.org\/{rel}","templated":true}]}}