{"id":42,"date":"2013-08-08T20:26:12","date_gmt":"2013-08-08T20:26:12","guid":{"rendered":"http:\/\/www.amus-campina.ro\/?page_id=42"},"modified":"2013-09-22T15:59:00","modified_gmt":"2013-09-22T13:59:00","slug":"asistent-medical-de-farmacie","status":"publish","type":"page","link":"https:\/\/www.amus-campina.ro\/?page_id=42","title":{"rendered":"ASISTENT MEDICAL DE FARMACIE"},"content":{"rendered":"<p style=\"text-align: justify;\">Practican\u0163ii unei astfel de ocupa\u0163ii prepar\u0103 \u015fi elibereaz\u0103 medicamente conform indica\u0163iilor medicilor, stomatologilor sau a altor speciali\u015fti din domeniul medical.<\/p>\n<p style=\"text-align: justify;\">Aceast\u0103 component\u0103 cuprinde acele sarcini aferente unei ocupa\u0163ii care au cea mai mare importan\u0163\u0103 pentru ocupa\u0163ia respectiv\u0103 \u015fi permit diferen\u0163ierea \u00eentre o persoan\u0103 cu performan\u0163e ridicate \u00een profesia respectiv\u0103 (expert) \u015fi o persoan\u0103 cu performan\u0163e reduse (novice).<\/p>\n<p style=\"text-align: justify;\">\u2022 Recep\u0163ioneaz\u0103 re\u0163etele medicale \u015fi verific\u0103 recomand\u0103rile \u015fi specifica\u0163iile men\u0163ionate.<\/p>\n<p style=\"text-align: justify;\">\u2022 Elibereaz\u0103 la cerere, sau pe baza re\u0163etelor medicale, medicamente, produse farmaceutice \u015fi\u00a0aparatur\u0103 tehnico-medical\u0103.<\/p>\n<p style=\"text-align: justify;\">\u2022 Planific\u0103 eliberarea produselor medicamentoase care nu pot fi eliberate pe loc.<\/p>\n<p style=\"text-align: justify;\">\u2022 Ofer\u0103 clien\u0163ilor informa\u0163ii privind: compozi\u0163ia, efectele \u015fi contraindica\u0163iile produselor\u00a0medicamentoase.<\/p>\n<p style=\"text-align: justify;\">\u2022 Recomand\u0103, verbal sau \u00een scris, modalitatea de administrare a produselor medicamentoase.<\/p>\n<p style=\"text-align: justify;\">\u2022 \u00cendrum\u0103 clien\u0163ii cu probleme deosebite spre farmacist pentru informa\u0163ii suplimentare.<\/p>\n<p style=\"text-align: justify;\">\u2022 \u0162ine eviden\u0163a clien\u0163ilor care necesit\u0103 tratamente speciale.<\/p>\n<p style=\"text-align: justify;\">\u2022 Prepar\u0103, \u00een limita competen\u0163ei, diviziuni de produse condi\u0163ionate, preparate galenice, plante medicinale, etc.<\/p>\n<p style=\"text-align: justify;\">\u2022 Asist\u0103 farmacistul la opera\u0163iile tehnice de preparare a medicamentelor.<\/p>\n<p style=\"text-align: justify;\">\u2022 Calculeaz\u0103 costurile produselor eliberate \u015fi \u00eencaseaz\u0103 contravaloarea acestora.<\/p>\n<p style=\"text-align: justify;\">\u2022 Asigur\u0103 cur\u0103\u0163irea \u015fi recondi\u0163ionarea aparaturii \u015fi recipientelor uzate.<\/p>\n<p style=\"text-align: justify;\">\u2022 Sterilizeaz\u0103 aparatura, recipientele utilizate pentru prepararea produselor medicamentoase \u015fi<\/p>\n<p style=\"text-align: justify;\">locul de depozitare a acestora.<\/p>\n<p style=\"text-align: justify;\">\u2022 Inventariaz\u0103 stocul de produse medicamentoase \u015fi farmaceutice existent \u015fi informeaz\u0103 asupra necesarului.<\/p>\n<p style=\"text-align: justify;\">\u2022 \u00cenregistreaz\u0103 informa\u0163iile privind stocul de produse recep\u0163ionat.<\/p>\n<p style=\"text-align: justify;\">\u2022 Aplic\u0103 reglement\u0103rile legislative privind eliberarea produselor medicamentoase.<\/p>\n<p style=\"text-align: justify;\">Practicantul unei astfel de ocupa\u0163ii ar trebui s\u0103 fie o persoan\u0103 orientat\u0103 spre ac\u0163iune,\u00a0con\u015ftiincioas\u0103 \u015fi serioas\u0103, riguroas\u0103 \u00een realizarea sarcinilor. Capabil\u0103 s\u0103 efectueze timp\u00a0\u00eendelungat acela\u015fi tip de sarcini, cu amabilitate \u015fi cu un bun echilibru emo\u0163ional. Amabil\u0103 \u00een\u00a0rela\u0163iile cu clien\u0163ii<\/p>\n<p style=\"text-align: justify;\"><a href=\"http:\/\/www.amus-campina.ro\/?page_id=31\">CUM M\u0102 \u00ceNSCRIU LA CURSURI ?<\/a><\/p>\n","protected":false},"excerpt":{"rendered":"<p>Practican\u0163ii unei astfel de ocupa\u0163ii prepar\u0103 \u015fi elibereaz\u0103 medicamente conform indica\u0163iilor medicilor, stomatologilor sau a altor speciali\u015fti din domeniul medical. Aceast\u0103 component\u0103 cuprinde acele sarcini aferente unei ocupa\u0163ii care au cea mai mare importan\u0163\u0103 pentru ocupa\u0163ia respectiv\u0103 \u015fi permit diferen\u0163ierea \u00eentre o persoan\u0103 cu performan\u0163e ridicate \u00een profesia respectiv\u0103 (expert) \u015fi o persoan\u0103 cu performan\u0163e &hellip; <a href=\"https:\/\/www.amus-campina.ro\/?page_id=42\" class=\"more-link\">Cite\u0219te \u00een continuare <span class=\"screen-reader-text\">ASISTENT MEDICAL DE FARMACIE<\/span> <span class=\"meta-nav\">&rarr;<\/span><\/a><\/p>\n","protected":false},"author":1,"featured_media":0,"parent":9,"menu_order":4,"comment_status":"open","ping_status":"open","template":"","meta":[],"_links":{"self":[{"href":"https:\/\/www.amus-campina.ro\/index.php?rest_route=\/wp\/v2\/pages\/42"}],"collection":[{"href":"https:\/\/www.amus-campina.ro\/index.php?rest_route=\/wp\/v2\/pages"}],"about":[{"href":"https:\/\/www.amus-campina.ro\/index.php?rest_route=\/wp\/v2\/types\/page"}],"author":[{"embeddable":true,"href":"https:\/\/www.amus-campina.ro\/index.php?rest_route=\/wp\/v2\/users\/1"}],"replies":[{"embeddable":true,"href":"https:\/\/www.amus-campina.ro\/index.php?rest_route=%2Fwp%2Fv2%2Fcomments&post=42"}],"version-history":[{"count":6,"href":"https:\/\/www.amus-campina.ro\/index.php?rest_route=\/wp\/v2\/pages\/42\/revisions"}],"predecessor-version":[{"id":146,"href":"https:\/\/www.amus-campina.ro\/index.php?rest_route=\/wp\/v2\/pages\/42\/revisions\/146"}],"up":[{"embeddable":true,"href":"https:\/\/www.amus-campina.ro\/index.php?rest_route=\/wp\/v2\/pages\/9"}],"wp:attachment":[{"href":"https:\/\/www.amus-campina.ro\/index.php?rest_route=%2Fwp%2Fv2%2Fmedia&parent=42"}],"curies":[{"name":"wp","href":"https:\/\/api.w.org\/{rel}","templated":true}]}}