{"id":44,"date":"2013-08-08T20:27:46","date_gmt":"2013-08-08T20:27:46","guid":{"rendered":"http:\/\/www.amus-campina.ro\/?page_id=44"},"modified":"2013-09-22T16:11:51","modified_gmt":"2013-09-22T14:11:51","slug":"tehnician-maseur","status":"publish","type":"page","link":"https:\/\/www.amus-campina.ro\/?page_id=44","title":{"rendered":"TEHNICIAN MASEUR"},"content":{"rendered":"<p><strong><span style=\"color: #ff0000;\">CURS TEHNICIAN MASEUR<\/span><\/strong><\/p>\n<p><strong><span style=\"color: #ff0000;\">DESCRIEREA OCUPA\u0162IEI<\/span><\/strong><\/p>\n<p>Ocupa\u0163ia se aplic\u0103 maseurului \u015fi presupune o sfer\u0103 larg\u0103 de competen\u0163e pentru desf\u0103\u015furarea activit\u0103\u0163ii \u015fi anume, asigurarea condi\u0163iilor igienico-sanitare \u00een cabinetul de masaj \u015fi personale, autopreg\u0103tirea \u00een vederea efectu\u0103rii masajelor, efectuarea activit\u0103\u0163ilor necesare preg\u0103tirii pacien\u0163ilor \u015fi aplicarea masajului somatic.<\/p>\n<p>\u00cen afar\u0103 de aceste competen\u0163e strict necesare desf\u0103\u015fur\u0103rii activit\u0103\u0163ii, maseurul poate dob\u00e2ndi competen\u0163e suplimentare, prin perfec\u0163ionare profesional\u0103. Dob\u00e2ndirea uneia sau tuturor competen\u0163elor suplimentare de aplicare a masajului terapeutic, masajului reflexogen \u015fi\/ sau drenajul limfatic presupune o preg\u0103tire prealabil\u0103 de specialitate care presupune cuno\u015ftin\u0163e de anatomie \u015fi fiziologie precum \u015fi fiziopatologie \u015fi patologie clinic\u0103 \u015fi abilit\u0103\u0163i practice.<\/p>\n<p>Aceste competen\u0163e suplimentare nu pot fi dob\u00e2ndite de maseurul cu deficien\u0163e vizuale. Deoarece activit\u0103\u0163ile specifice se desf\u0103\u015foar\u0103 \u00een permanent\u0103 colaborare cu pacien\u0163ii \u015fi medicii, comunicarea la locul de munc\u0103 contribuie la buna desf\u0103\u015furare a activit\u0103\u0163ilor specifice.<\/p>\n<p>&nbsp;<\/p>\n<p><strong><span style=\"color: #ff0000;\">C\u00c2T DUREAZ\u0102 CURSUL?<\/span><\/strong><\/p>\n<p>Cursul dureaz\u0103 7 luni \u015fi cuprinde urm\u0103toarele competen\u0163e:<\/p>\n<ul>\n<li>Comunicarea la locul de munc\u0103 ;<\/li>\n<li>Aplicarea NPM \u015fi PSI ;<\/li>\n<li>Asigurarea condi\u0163iilor igienico \u2013 sanitare ;<\/li>\n<li>Asigurarea perfec\u0163ion\u0103rii profesionale ;<\/li>\n<li>\u00centocmirea documentelor de eviden\u0163\u0103 ;<\/li>\n<li>Planificarea \u015fedin\u0163elor de masaj ;<\/li>\n<li>Preg\u0103tirea cabinetului de masaj ;<\/li>\n<li>Aplicarea drenajului limfatic ;<\/li>\n<li>Aplicarea masajului reflexogen ;<\/li>\n<li>Aplicarea masajului somatic ;<\/li>\n<li>Aplicarea masajului terapeutic ;<\/li>\n<li>Autopreg\u0103tirea \u00een vederea efectu\u0103rii masajelor ;<\/li>\n<li>Stabilirea tehnicilor \u015fi formelor de masaj ;<\/li>\n<\/ul>\n<p>&nbsp;<\/p>\n<p><strong><span style=\"color: #ff0000;\">DE CE TEHNICIAN MASEUR ?<\/span><\/strong><\/p>\n<p><strong>Cursurile de calificare <\/strong><strong>con\u0163in 4 module, astfel \u00eenc\u00e2t absolventul s\u0103 \u00ee\u015fi poat\u0103 exercita profesia la un standard calitativ excep\u0163ional. Parcurg\u00e2nd toate cele 4 module, cursantul cap\u0103t\u0103 cuno\u015ftin\u0163e \u015fi aptitudini ce \u00eei dau posibilitatea s\u0103 practice, ca liber profesionist, un serviciu cu o adresabilitate din ce \u00een ce mai mare.<\/strong><\/p>\n<p><strong>Astfel, \u00een cele 7 luni, cursantul va studia :<\/strong><\/p>\n<p><strong><\/strong><strong>1.\u00a0\u00a0\u00a0\u00a0\u00a0 <\/strong><strong>Masajul Somatic<\/strong><\/p>\n<p><strong><\/strong><strong>2.\u00a0\u00a0\u00a0\u00a0\u00a0 <\/strong><strong>Masajul Terapeutic<\/strong><\/p>\n<p><strong><\/strong><strong>3.\u00a0\u00a0\u00a0\u00a0\u00a0 <\/strong><strong>Masajul reflexogen<\/strong><\/p>\n<p><strong><\/strong><strong>4. \u00a0 \u00a0 \u00a0 Drenajul limfatic manual<\/strong><\/p>\n","protected":false},"excerpt":{"rendered":"<p>CURS TEHNICIAN MASEUR DESCRIEREA OCUPA\u0162IEI Ocupa\u0163ia se aplic\u0103 maseurului \u015fi presupune o sfer\u0103 larg\u0103 de competen\u0163e pentru desf\u0103\u015furarea activit\u0103\u0163ii \u015fi anume, asigurarea condi\u0163iilor igienico-sanitare \u00een cabinetul de masaj \u015fi personale, autopreg\u0103tirea \u00een vederea efectu\u0103rii masajelor, efectuarea activit\u0103\u0163ilor necesare preg\u0103tirii pacien\u0163ilor \u015fi aplicarea masajului somatic. \u00cen afar\u0103 de aceste competen\u0163e strict necesare desf\u0103\u015fur\u0103rii activit\u0103\u0163ii, maseurul poate &hellip; <a href=\"https:\/\/www.amus-campina.ro\/?page_id=44\" class=\"more-link\">Cite\u0219te \u00een continuare <span class=\"screen-reader-text\">TEHNICIAN MASEUR<\/span> <span class=\"meta-nav\">&rarr;<\/span><\/a><\/p>\n","protected":false},"author":1,"featured_media":0,"parent":22,"menu_order":1,"comment_status":"open","ping_status":"open","template":"","meta":[],"_links":{"self":[{"href":"https:\/\/www.amus-campina.ro\/index.php?rest_route=\/wp\/v2\/pages\/44"}],"collection":[{"href":"https:\/\/www.amus-campina.ro\/index.php?rest_route=\/wp\/v2\/pages"}],"about":[{"href":"https:\/\/www.amus-campina.ro\/index.php?rest_route=\/wp\/v2\/types\/page"}],"author":[{"embeddable":true,"href":"https:\/\/www.amus-campina.ro\/index.php?rest_route=\/wp\/v2\/users\/1"}],"replies":[{"embeddable":true,"href":"https:\/\/www.amus-campina.ro\/index.php?rest_route=%2Fwp%2Fv2%2Fcomments&post=44"}],"version-history":[{"count":6,"href":"https:\/\/www.amus-campina.ro\/index.php?rest_route=\/wp\/v2\/pages\/44\/revisions"}],"predecessor-version":[{"id":150,"href":"https:\/\/www.amus-campina.ro\/index.php?rest_route=\/wp\/v2\/pages\/44\/revisions\/150"}],"up":[{"embeddable":true,"href":"https:\/\/www.amus-campina.ro\/index.php?rest_route=\/wp\/v2\/pages\/22"}],"wp:attachment":[{"href":"https:\/\/www.amus-campina.ro\/index.php?rest_route=%2Fwp%2Fv2%2Fmedia&parent=44"}],"curies":[{"name":"wp","href":"https:\/\/api.w.org\/{rel}","templated":true}]}}