{"id":46,"date":"2013-08-08T20:28:43","date_gmt":"2013-08-08T20:28:43","guid":{"rendered":"http:\/\/www.amus-campina.ro\/?page_id=46"},"modified":"2013-09-22T16:12:44","modified_gmt":"2013-09-22T14:12:44","slug":"ingrijitoare-batrani-la-domiciliu","status":"publish","type":"page","link":"https:\/\/www.amus-campina.ro\/?page_id=46","title":{"rendered":"INGRIJITOARE BATRANI LA DOMICILIU"},"content":{"rendered":"<p>ACEAST\u0102 PAGIN\u0102 VA FI POSTAT\u0102 \u00ceN CUR\u00c2ND<\/p>\n","protected":false},"excerpt":{"rendered":"<p>ACEAST\u0102 PAGIN\u0102 VA FI POSTAT\u0102 \u00ceN CUR\u00c2ND<\/p>\n","protected":false},"author":1,"featured_media":0,"parent":22,"menu_order":2,"comment_status":"open","ping_status":"open","template":"","meta":[],"_links":{"self":[{"href":"https:\/\/www.amus-campina.ro\/index.php?rest_route=\/wp\/v2\/pages\/46"}],"collection":[{"href":"https:\/\/www.amus-campina.ro\/index.php?rest_route=\/wp\/v2\/pages"}],"about":[{"href":"https:\/\/www.amus-campina.ro\/index.php?rest_route=\/wp\/v2\/types\/page"}],"author":[{"embeddable":true,"href":"https:\/\/www.amus-campina.ro\/index.php?rest_route=\/wp\/v2\/users\/1"}],"replies":[{"embeddable":true,"href":"https:\/\/www.amus-campina.ro\/index.php?rest_route=%2Fwp%2Fv2%2Fcomments&post=46"}],"version-history":[{"count":2,"href":"https:\/\/www.amus-campina.ro\/index.php?rest_route=\/wp\/v2\/pages\/46\/revisions"}],"predecessor-version":[{"id":151,"href":"https:\/\/www.amus-campina.ro\/index.php?rest_route=\/wp\/v2\/pages\/46\/revisions\/151"}],"up":[{"embeddable":true,"href":"https:\/\/www.amus-campina.ro\/index.php?rest_route=\/wp\/v2\/pages\/22"}],"wp:attachment":[{"href":"https:\/\/www.amus-campina.ro\/index.php?rest_route=%2Fwp%2Fv2%2Fmedia&parent=46"}],"curies":[{"name":"wp","href":"https:\/\/api.w.org\/{rel}","templated":true}]}}