{"id":55,"date":"2013-08-08T20:46:41","date_gmt":"2013-08-08T20:46:41","guid":{"rendered":"http:\/\/www.amus-campina.ro\/?page_id=55"},"modified":"2013-09-22T16:13:47","modified_gmt":"2013-09-22T14:13:47","slug":"operator-calculator","status":"publish","type":"page","link":"https:\/\/www.amus-campina.ro\/?page_id=55","title":{"rendered":"OPERATOR CALCULATOR"},"content":{"rendered":"<p>ACEAST\u0102 PAGIN\u0102 VA FI POSTAT\u0102 \u00ceN CUR\u00c2ND<\/p>\n","protected":false},"excerpt":{"rendered":"<p>ACEAST\u0102 PAGIN\u0102 VA FI POSTAT\u0102 \u00ceN CUR\u00c2ND<\/p>\n","protected":false},"author":1,"featured_media":0,"parent":22,"menu_order":5,"comment_status":"open","ping_status":"open","template":"","meta":[],"_links":{"self":[{"href":"https:\/\/www.amus-campina.ro\/index.php?rest_route=\/wp\/v2\/pages\/55"}],"collection":[{"href":"https:\/\/www.amus-campina.ro\/index.php?rest_route=\/wp\/v2\/pages"}],"about":[{"href":"https:\/\/www.amus-campina.ro\/index.php?rest_route=\/wp\/v2\/types\/page"}],"author":[{"embeddable":true,"href":"https:\/\/www.amus-campina.ro\/index.php?rest_route=\/wp\/v2\/users\/1"}],"replies":[{"embeddable":true,"href":"https:\/\/www.amus-campina.ro\/index.php?rest_route=%2Fwp%2Fv2%2Fcomments&post=55"}],"version-history":[{"count":2,"href":"https:\/\/www.amus-campina.ro\/index.php?rest_route=\/wp\/v2\/pages\/55\/revisions"}],"predecessor-version":[{"id":154,"href":"https:\/\/www.amus-campina.ro\/index.php?rest_route=\/wp\/v2\/pages\/55\/revisions\/154"}],"up":[{"embeddable":true,"href":"https:\/\/www.amus-campina.ro\/index.php?rest_route=\/wp\/v2\/pages\/22"}],"wp:attachment":[{"href":"https:\/\/www.amus-campina.ro\/index.php?rest_route=%2Fwp%2Fv2%2Fmedia&parent=55"}],"curies":[{"name":"wp","href":"https:\/\/api.w.org\/{rel}","templated":true}]}}