{"id":70,"date":"2013-08-08T21:19:49","date_gmt":"2013-08-08T21:19:49","guid":{"rendered":"http:\/\/www.amus-campina.ro\/?page_id=70"},"modified":"2021-04-26T14:04:42","modified_gmt":"2021-04-26T12:04:42","slug":"parteneri","status":"publish","type":"page","link":"https:\/\/www.amus-campina.ro\/?page_id=70","title":{"rendered":"PARTENERI"},"content":{"rendered":"<h2><a href=\"https:\/\/www.facebook.com\/campina.curata\">https:\/\/www.facebook.com\/campina.curata<\/a><img decoding=\"async\" loading=\"lazy\" class=\"alignnone  wp-image-845 ml-lightbox-enabled\" src=\"http:\/\/www.amus-campina.ro\/wp-content\/uploads\/2013\/06\/172474844_106164108258875_5853607044421985898_n-300x169.jpg\" alt=\"\" width=\"458\" height=\"258\" srcset=\"https:\/\/www.amus-campina.ro\/wp-content\/uploads\/2013\/06\/172474844_106164108258875_5853607044421985898_n-300x169.jpg 300w, https:\/\/www.amus-campina.ro\/wp-content\/uploads\/2013\/06\/172474844_106164108258875_5853607044421985898_n-768x433.jpg 768w, https:\/\/www.amus-campina.ro\/wp-content\/uploads\/2013\/06\/172474844_106164108258875_5853607044421985898_n-1024x577.jpg 1024w, https:\/\/www.amus-campina.ro\/wp-content\/uploads\/2013\/06\/172474844_106164108258875_5853607044421985898_n.jpg 1640w\" sizes=\"(max-width: 458px) 100vw, 458px\" \/><\/h2>\n<p>&nbsp;<\/p>\n<h1><span style=\"color: #ff0000;\">PARTENERI PENTRU INSERTIE PROFESIONALA:<\/span><\/h1>\n<p><img decoding=\"async\" loading=\"lazy\" class=\"alignnone size-medium wp-image-504 ml-lightbox-enabled\" src=\"http:\/\/www.amus-campina.ro\/wp-content\/uploads\/2015\/06\/POSTER-1-200x300.jpg\" alt=\"POSTER (1)\" width=\"200\" height=\"300\" srcset=\"https:\/\/www.amus-campina.ro\/wp-content\/uploads\/2015\/06\/POSTER-1-200x300.jpg 200w, https:\/\/www.amus-campina.ro\/wp-content\/uploads\/2015\/06\/POSTER-1.jpg 600w\" sizes=\"(max-width: 200px) 100vw, 200px\" \/><\/p>\n<h2><a href=\"http:\/\/mbsp.ro\"><em><strong><span style=\"text-decoration: underline;\">MASTER BUSINESS SOLUTIN PROFILES MBSP<\/span><\/strong><\/em><\/a><\/h2>\n<h2><a href=\"http:\/\/mbsp.ro\"><strong><span style=\"color: #800000;\">Parteneri \u00een societatea civil\u0103:<\/span><\/strong><\/a><\/h2>\n<p><a href=\"http:\/\/mbsp.ro\"><strong>CORPUL EXPER\u0162ILOR \u00ceN ACCESAREA DE FONDURI STRUCTURALE \u015eI DE COEZIUNE EUROPENE\u00a0<\/strong><\/a><\/p>\n<p><a href=\"http:\/\/www.formatemp.ro\/\"><strong><span style=\"color: #ff0000;\"><span style=\"color: #ff0000;\">FORMATEMP<\/span><\/span><\/strong><\/a><\/p>\n<p><a href=\"http:\/\/mbsp.ro\"><strong><span style=\"color: #ff0000;\"><span style=\"color: #ff0000;\">ANMRF DEJ<\/span><\/span><\/strong><\/a><\/p>\n<h2><a href=\"http:\/\/mbsp.ro\"><strong><span style=\"color: #993366;\">Parteneri \u00een comunitate:<\/span><\/strong><\/a><\/h2>\n<p><a href=\"http:\/\/www.primariacampina.ro\/\"><strong><span style=\"color: #ff0000;\"><span style=\"color: #ff0000;\">PRIM\u0102RIA C\u00c2MPINA<\/span><\/span><\/strong><\/a><\/p>\n<p><a href=\"http:\/\/spitalcampina.ro\/\"><strong><span style=\"color: #ff0000;\"><span style=\"color: #ff0000;\">SPITALUL MUNICIPAL C\u00c2MPINA<\/span><\/span><\/strong><\/a><\/p>\n<p><a href=\"http:\/\/www.mediscamp.ro\/\"><strong><span style=\"color: #ff0000;\"><span style=\"color: #ff0000;\">MEDI&#8217;S C\u00c2MPINA<\/span><\/span><\/strong><\/a><\/p>\n<p><a href=\"http:\/\/www.mediurg.ro\/\"><strong><span style=\"color: #ff0000;\"><span style=\"color: #ff0000;\">MEDIURG<\/span><\/span><\/strong><\/a><\/p>\n<p><a href=\"http:\/\/www.spitalulvoila.ro\/\"><strong><span style=\"color: #ff0000;\"><span style=\"color: #ff0000;\">SPITALUL DE PSIHIATRIE VOILA<\/span><\/span><\/strong><\/a><\/p>\n<h2><a href=\"http:\/\/mbsp.ro\"><strong><span style=\"color: #993366;\">Parteneri media:<\/span><\/strong><\/a><\/h2>\n<p><a href=\"http:\/\/www.bestfm.ro\/\"><strong><span style=\"color: #ff0000;\"><span style=\"color: #ff0000;\">BEST FM<\/span><\/span><\/strong><\/a><\/p>\n<p><a href=\"http:\/\/www.vptv.ro\/\"><strong><span style=\"color: #ff0000;\"><span style=\"color: #ff0000;\">VALEA PRAHOVEI TV<\/span><\/span><\/strong><\/a><\/p>\n<p><a href=\"http:\/\/ziaruloglinda.blogspot.ro\/\"><strong><span style=\"color: #ff0000;\"><span style=\"color: #ff0000;\">OGLINDA DE AZI<\/span><\/span><\/strong><\/a><\/p>\n<p><a href=\"http:\/\/www.campinaph.ro\/\"><strong><span style=\"color: #ff0000;\"><span style=\"color: #ff0000;\">CAMPINAPH<\/span><\/span><\/strong><\/a><\/p>\n","protected":false},"excerpt":{"rendered":"<p>https:\/\/www.facebook.com\/campina.curata &nbsp; PARTENERI PENTRU INSERTIE PROFESIONALA: MASTER BUSINESS SOLUTIN PROFILES MBSP Parteneri \u00een societatea civil\u0103: CORPUL EXPER\u0162ILOR \u00ceN ACCESAREA DE FONDURI STRUCTURALE \u015eI DE COEZIUNE EUROPENE\u00a0 FORMATEMP ANMRF DEJ Parteneri \u00een comunitate: PRIM\u0102RIA C\u00c2MPINA SPITALUL MUNICIPAL C\u00c2MPINA MEDI&#8217;S C\u00c2MPINA MEDIURG SPITALUL DE PSIHIATRIE VOILA Parteneri media: BEST FM VALEA PRAHOVEI TV OGLINDA DE AZI CAMPINAPH<\/p>\n","protected":false},"author":1,"featured_media":0,"parent":0,"menu_order":6,"comment_status":"open","ping_status":"open","template":"","meta":[],"_links":{"self":[{"href":"https:\/\/www.amus-campina.ro\/index.php?rest_route=\/wp\/v2\/pages\/70"}],"collection":[{"href":"https:\/\/www.amus-campina.ro\/index.php?rest_route=\/wp\/v2\/pages"}],"about":[{"href":"https:\/\/www.amus-campina.ro\/index.php?rest_route=\/wp\/v2\/types\/page"}],"author":[{"embeddable":true,"href":"https:\/\/www.amus-campina.ro\/index.php?rest_route=\/wp\/v2\/users\/1"}],"replies":[{"embeddable":true,"href":"https:\/\/www.amus-campina.ro\/index.php?rest_route=%2Fwp%2Fv2%2Fcomments&post=70"}],"version-history":[{"count":11,"href":"https:\/\/www.amus-campina.ro\/index.php?rest_route=\/wp\/v2\/pages\/70\/revisions"}],"predecessor-version":[{"id":848,"href":"https:\/\/www.amus-campina.ro\/index.php?rest_route=\/wp\/v2\/pages\/70\/revisions\/848"}],"wp:attachment":[{"href":"https:\/\/www.amus-campina.ro\/index.php?rest_route=%2Fwp%2Fv2%2Fmedia&parent=70"}],"curies":[{"name":"wp","href":"https:\/\/api.w.org\/{rel}","templated":true}]}}