{"id":9,"date":"2013-08-08T08:52:44","date_gmt":"2013-08-08T08:52:44","guid":{"rendered":"http:\/\/www.amus-campina.ro\/?page_id=9"},"modified":"2025-11-04T22:14:49","modified_gmt":"2025-11-04T20:14:49","slug":"scolala-postliceala-louis-pasteur-campina","status":"publish","type":"page","link":"https:\/\/www.amus-campina.ro\/?page_id=9","title":{"rendered":"SCOALA POSTLICEALA LOUIS PASTEUR CAMPINA"},"content":{"rendered":"<div style=\"width: 604px;\" class=\"wp-video\"><!--[if lt IE 9]><script>document.createElement('video');<\/script><![endif]-->\n<video class=\"wp-video-shortcode\" id=\"video-9-1\" width=\"604\" height=\"340\" preload=\"metadata\" controls=\"controls\"><source type=\"video\/mp4\" src=\"http:\/\/www.amus-campina.ro\/wp-content\/uploads\/2013\/06\/promo-scoala_Small.mp4?_=1\" \/><a href=\"http:\/\/www.amus-campina.ro\/wp-content\/uploads\/2013\/06\/promo-scoala_Small.mp4\">http:\/\/www.amus-campina.ro\/wp-content\/uploads\/2013\/06\/promo-scoala_Small.mp4<\/a><\/video><\/div>\n<p style=\"text-align: justify;\"><span style=\"color: #0000ff;\"><strong>\u015eCOALA POSTLICEAL\u0102 LOUIS PASTEUR<\/strong><\/span>\u00a0este una dintre cele mai importante institu\u0163ii de \u00eenv\u0103\u0163\u0103m\u00e2nt postliceal, cu peste 300 de elevi ce urmeaz\u0103 cursurile specializarilor <span style=\"color: #ff0000;\"><strong>ASISTENT MEDICAL GENERALIST \u015fi ASISTENT MEDICAL DE FARMACIE<\/strong><\/span><\/p>\n<p style=\"text-align: center;\"><span style=\"color: #ff0000;\"><strong>TRADI\u0162IE \u00ceN \u00ceNV\u0102\u0162\u0102M\u00c2NTUL SANITAR POSTLICEAL<\/strong><\/span><\/p>\n<h5 style=\"text-align: justify;\"><span style=\"color: #0000ff;\"><strong>\u015eCOALA POSTLICEAL\u0102 LOUIS PASTEUR<\/strong><\/span> \u00ee\u015fi deschide por\u0163ile \u00een anul \u015fcolar 2025 \u2013 2026 cu o experien\u0163\u0103 de peste 27 ani \u00een \u00eenv\u0103\u0163\u0103m\u00e2ntul postliceal. \u00cen fiecare var\u0103, aproximativ 100 de elevi termin\u0103 cursurile cu rezultate bune \u015fi foarte bune, aduc\u00e2nd prestigiu \u015fcolii noastre. Rezultatele lor sunt oglinda muncii depuse de corpul didactic \u015fi administrativ, dar \u015fi al form\u0103rii con\u015ftiin\u0163ei de viitor profesionist, cu o mare dorin\u0163\u0103 de dezvoltare profesional\u0103.<\/h5>\n<h5 style=\"text-align: justify;\">\u00cen fiecare toamn\u0103, absolven\u0163ilor le iau locul noii veni\u0163i, \u201cbobocii\u201d, care \u00eencep s\u0103 cunoasc\u0103 o nou\u0103 form\u0103 de \u00eenv\u0103\u0163\u0103m\u00e2nt, bazat\u0103 pe respect reciproc, seriozitate \u015fi profesionalism, care s\u0103 garanteze o formare profesional\u0103 la standarde Europene.<\/h5>\n<p><a href=\"http:\/\/www.amus-campina.ro\/?page_id=9\"><img decoding=\"async\" loading=\"lazy\" class=\"alignnone  wp-image-180 alignleft\" src=\"http:\/\/www.amus-campina.ro\/wp-content\/uploads\/2013\/08\/Amus-11-300x200.jpg\" alt=\"Amus-11\" width=\"389\" height=\"259\" srcset=\"https:\/\/www.amus-campina.ro\/wp-content\/uploads\/2013\/08\/Amus-11-300x200.jpg 300w, https:\/\/www.amus-campina.ro\/wp-content\/uploads\/2013\/08\/Amus-11-624x416.jpg 624w, https:\/\/www.amus-campina.ro\/wp-content\/uploads\/2013\/08\/Amus-11.jpg 700w\" sizes=\"(max-width: 389px) 100vw, 389px\" \/><\/a><\/p>\n<h5 style=\"text-align: justify;\">Experien\u0163a noastr\u0103 ne-a \u00eenv\u0103\u0163at c\u0103 respectul pentru elev \u015fi pentru actul educa\u0163ional \u015fi de formare profesional\u0103 reprezint\u0103 cheia succesului \u00een dezvoltarea unei tradi\u0163ii respectate la nivelul comunit\u0103\u0163ii. Ne dorim ca orice curs, \u00een cadrul \u015fcolii noastre, s\u0103 fie unul deosebit, special, \u015fi \u00a0s\u0103 reprezinte un plus de valoare profesional\u0103 \u015fi uman\u0103 pentru elev.<\/h5>\n<h5 style=\"text-align: justify;\">Corpul profesoral este format din cadre didactice cu experien\u0163\u0103, care, pe l\u00e2ng\u0103 activitatea didactic\u0103, desf\u0103\u015foar\u0103 activit\u0103\u0163i specifice domeniului de activitate. \u00a0Astfel, elevii no\u015ftri au un mare avantaj: beneficiaz\u0103 at\u00e2t de experien\u0163a didactic\u0103, c\u00e2t \u015fi de experien\u0163a de medici, asisten\u0163i medicali, farmaci\u015fti sau profesioni\u015fti \u00een diverse domenii, a profesorilor.<\/h5>\n<h5 style=\"text-align: justify;\">Realit\u0103\u0163ile profesionale \u015fi formarea elevilor sunt asigurate prin implicarea acestora \u00een mediile profesionale, prin intermediul stagiilor de preg\u0103tire practic\u0103 \u00een institu\u0163ii de profil, sub \u00eendrumarea instructorilor cu o mare experien\u0163\u0103 \u00een domeniu.<\/h5>\n<h5 style=\"text-align: justify;\"><span style=\"color: #0000ff;\"><strong>\u015eCOALA POSTLICEAL\u0102 LOUIS PASTEUR C\u00c2MPINA<\/strong><\/span> a f\u0103cut din toate acestea o tradi\u0163ie precum \u015fi din respectul pentru actul de educa\u0163ie \u015fi formare profesional\u0103.<\/h5>\n<h4 style=\"text-align: center;\"><span style=\"color: #ff0000;\"><strong>EDUCA\u0162IE MODERN\u0102 CU METODE MODERNE<\/strong><\/span><\/h4>\n<h5><img decoding=\"async\" loading=\"lazy\" class=\"size-medium wp-image-185 alignleft\" src=\"http:\/\/www.amus-campina.ro\/wp-content\/uploads\/2013\/06\/poze-NIKON-021-300x225.jpg\" alt=\"poze NIKON 021\" width=\"300\" height=\"225\" srcset=\"https:\/\/www.amus-campina.ro\/wp-content\/uploads\/2013\/06\/poze-NIKON-021-300x225.jpg 300w, https:\/\/www.amus-campina.ro\/wp-content\/uploads\/2013\/06\/poze-NIKON-021-1024x768.jpg 1024w, https:\/\/www.amus-campina.ro\/wp-content\/uploads\/2013\/06\/poze-NIKON-021-624x467.jpg 624w\" sizes=\"(max-width: 300px) 100vw, 300px\" \/><span style=\"color: #0000ff;\"><strong>SCOALA POSTLICEALA LOUIS PASTEUR<\/strong><\/span><span style=\"text-align: justify;\"> beneficiaz\u0103 de o baz\u0103 material\u0103 proprie <\/span>modern\u0103, de spa\u0163ii de \u00eenv\u0103\u0163\u0103m\u00e2nt amenajate \u015fi dotate special pentru \u00eenv\u0103\u0163\u0103m\u00e2ntul medical \u015fi de profil. De asemenea, beneficiaz\u0103 de cabinet \u015fi laboratoare de specialitate, dar \u015fi de laborator de informatic\u0103 \u015fi de bibliotec\u0103.<\/h5>\n<h5>\u00cen cadrul \u015fcolii se pune accent, din ce \u00een ce mai mult, pe aplicatii interactive de p<span style=\"text-align: justify;\">redare, pe folosirea mijloacelor moderne de transmitere a cuno\u015ftin\u0163elor: filme, proiec\u0163ii, demonstra\u0163ii interactive, etc.<\/span><\/h5>\n<h5><a href=\"http:\/\/www.amus-campina.ro\/wp-content\/uploads\/2013\/06\/poze-NIKON-021.jpg\"><br \/>\n<\/a>\u00cen cadrul \u015fcolii, pentru a asigura adaptarea la mediul \u015fcolar, func\u0163ioneaz\u0103 \u015fi un<strong> cabinet de consultan\u0163\u0103 \u015fi de consiliere profesional\u0103 \u015fi voca\u0163ional\u0103.\u00a0<\/strong><\/h5>\n<h3 style=\"text-align: center;\"><span style=\"color: #0000ff;\"><a style=\"color: #0000ff;\" href=\"http:\/\/www.amus-campina.ro\/?page_id=15\">CONSULTATI OFERTA EDUCATIONALA A SCOLII<\/a><\/span><\/h3>\n","protected":false},"excerpt":{"rendered":"<p>\u015eCOALA POSTLICEAL\u0102 LOUIS PASTEUR\u00a0este una dintre cele mai importante institu\u0163ii de \u00eenv\u0103\u0163\u0103m\u00e2nt postliceal, cu peste 300 de elevi ce urmeaz\u0103 cursurile specializarilor ASISTENT MEDICAL GENERALIST \u015fi ASISTENT MEDICAL DE FARMACIE TRADI\u0162IE \u00ceN \u00ceNV\u0102\u0162\u0102M\u00c2NTUL SANITAR POSTLICEAL \u015eCOALA POSTLICEAL\u0102 LOUIS PASTEUR \u00ee\u015fi deschide por\u0163ile \u00een anul \u015fcolar 2025 \u2013 2026 cu o experien\u0163\u0103 de peste 27 ani &hellip; <a href=\"https:\/\/www.amus-campina.ro\/?page_id=9\" class=\"more-link\">Cite\u0219te \u00een continuare <span class=\"screen-reader-text\">SCOALA POSTLICEALA LOUIS PASTEUR CAMPINA<\/span> <span class=\"meta-nav\">&rarr;<\/span><\/a><\/p>\n","protected":false},"author":1,"featured_media":117,"parent":0,"menu_order":2,"comment_status":"open","ping_status":"open","template":"","meta":[],"_links":{"self":[{"href":"https:\/\/www.amus-campina.ro\/index.php?rest_route=\/wp\/v2\/pages\/9"}],"collection":[{"href":"https:\/\/www.amus-campina.ro\/index.php?rest_route=\/wp\/v2\/pages"}],"about":[{"href":"https:\/\/www.amus-campina.ro\/index.php?rest_route=\/wp\/v2\/types\/page"}],"author":[{"embeddable":true,"href":"https:\/\/www.amus-campina.ro\/index.php?rest_route=\/wp\/v2\/users\/1"}],"replies":[{"embeddable":true,"href":"https:\/\/www.amus-campina.ro\/index.php?rest_route=%2Fwp%2Fv2%2Fcomments&post=9"}],"version-history":[{"count":34,"href":"https:\/\/www.amus-campina.ro\/index.php?rest_route=\/wp\/v2\/pages\/9\/revisions"}],"predecessor-version":[{"id":1071,"href":"https:\/\/www.amus-campina.ro\/index.php?rest_route=\/wp\/v2\/pages\/9\/revisions\/1071"}],"wp:featuredmedia":[{"embeddable":true,"href":"https:\/\/www.amus-campina.ro\/index.php?rest_route=\/wp\/v2\/media\/117"}],"wp:attachment":[{"href":"https:\/\/www.amus-campina.ro\/index.php?rest_route=%2Fwp%2Fv2%2Fmedia&parent=9"}],"curies":[{"name":"wp","href":"https:\/\/api.w.org\/{rel}","templated":true}]}}