{"id":987,"date":"2025-09-13T18:26:15","date_gmt":"2025-09-13T16:26:15","guid":{"rendered":"http:\/\/www.amus-campina.ro\/?page_id=987"},"modified":"2025-11-05T21:05:12","modified_gmt":"2025-11-05T19:05:12","slug":"consiliul-de-administratie","status":"publish","type":"page","link":"https:\/\/www.amus-campina.ro\/?page_id=987","title":{"rendered":"Documente CONSILIUL DE ADMINISTRATIE 2024-2025"},"content":{"rendered":"<p><a href=\"http:\/\/www.amus-campina.ro\/wp-content\/uploads\/2025\/09\/48_GRAFIC-SI-TEMATICA-CA_2024-2025-PROGRAM-CA.pdf\">GRAFIC \u0218I TEMATICA CA_2024-2025<\/a><\/p>\n<p><a href=\"http:\/\/www.amus-campina.ro\/wp-content\/uploads\/2025\/09\/69_decizie-CA.pdf\">Decizie constituire CA<\/a><\/p>\n<p><a href=\"http:\/\/www.amus-campina.ro\/wp-content\/uploads\/2025\/09\/78_sarcini_CA.pdf\">Sarcini CA<\/a><\/p>\n<p><a href=\"http:\/\/www.amus-campina.ro\/wp-content\/uploads\/2025\/09\/lista_hotarari_2024-2025-2024.pdf\">Lista hot\u0103r\u00e2ri 2024-2025 (2024)<\/a><\/p>\n<table width=\"0\">\n<thead>\n<tr>\n<td width=\"58\">Nr. hot\u0103r\u00e2rii<\/td>\n<td width=\"539\"><strong>Con\u021binutul pe scurt<\/strong><\/td>\n<td width=\"86\"><strong>Data CA<\/strong><\/td>\n<\/tr>\n<\/thead>\n<tbody>\n<tr>\n<td width=\"58\">H13<\/td>\n<td width=\"539\"><a href=\"http:\/\/www.amus-campina.ro\/wp-content\/uploads\/2025\/09\/hotararea_13_06.09.2024_contracte_taxa.pdf\">Stabilirea taxei de \u0219colarizare. Aprobarea con\u021binutului Contractului educa\u021bional (revizuit) \u0219i a contractului de \u0219colarizare.<\/a><\/td>\n<td rowspan=\"8\" width=\"86\">6<\/p>\n<p>septembrie<\/p>\n<p>2024<\/td>\n<\/tr>\n<tr>\n<td width=\"58\">H14<\/td>\n<td width=\"539\"><a href=\"http:\/\/www.amus-campina.ro\/wp-content\/uploads\/2025\/09\/hotararea_14_06.09.2024_resp.-suplimentare_dirigentii.pdf\">Nominalizarea persoanelor cu atribu\u021bii speciale. Repartizarea dirigen\u021biilor.<\/a><\/td>\n<\/tr>\n<tr>\n<td width=\"58\">H15<\/td>\n<td width=\"539\"><a href=\"http:\/\/www.amus-campina.ro\/wp-content\/uploads\/2025\/09\/hotararea_15_06.09.2024_orar_grafice.pdf\">Aprobarea orarului, a graficului serviciului pe \u015fcoal\u0103 \u0219i graficul s\u0103lilor pentru an \u0219colar 2024-2025<\/a><\/td>\n<\/tr>\n<tr>\n<td width=\"58\">H16<\/td>\n<td width=\"539\"><a href=\"http:\/\/www.amus-campina.ro\/wp-content\/uploads\/2025\/09\/hotararea_16_06.09.2024_program-CA.pdf\">Stabilirea programului de activitati al consiliului de administra\u021bie<\/a><\/td>\n<\/tr>\n<tr>\n<td width=\"58\">H17<\/td>\n<td width=\"539\"><a href=\"http:\/\/www.amus-campina.ro\/wp-content\/uploads\/2025\/09\/hotararea_17_06.09.2024_organigrama.pdf\">Aprobarea structurii organizatorice (organigrama) \u0218colii Postliceale \u201eLouis Pasteur\u201d C\u00e2mpina<\/a><\/td>\n<\/tr>\n<tr>\n<td width=\"58\">H18<\/td>\n<td width=\"539\"><a href=\"http:\/\/www.amus-campina.ro\/wp-content\/uploads\/2025\/09\/hotararea_18_08.09.2024_incadrare_asociati.pdf\">Numirea cadrelor didactice asociate \u00een anul \u0219colar 2024-2025.<\/a><\/td>\n<\/tr>\n<tr>\n<td width=\"58\">H19<\/td>\n<td width=\"539\"><a href=\"http:\/\/www.amus-campina.ro\/wp-content\/uploads\/2025\/09\/hotararea_19_06.09.2024_comisie_evaluar.pdf\">Numirea comisiei de evaluare a activit\u0103\u021bii cadrelor didactice \u0219i didactice auxiliare<\/a><\/p>\n<p><a href=\"http:\/\/www.amus-campina.ro\/wp-content\/uploads\/2025\/09\/hotararea_19_06.09.2024_comisie_evaluar.pdf\">Constituirea noului consiliu profesoral \u0219i a atribu\u0163iilor acestuia<\/a><\/td>\n<\/tr>\n<tr>\n<td width=\"58\">H20<\/td>\n<td width=\"539\"><a href=\"http:\/\/www.amus-campina.ro\/wp-content\/uploads\/2025\/09\/hotararea_20_06.09.2024_incadrare.pdf\">Aprobarea planului de \u00eencadrare, cu personal didactic de predare, precum \u0219i validarea statului de personal pentru toate categoriile de personal din unitate<\/a><\/td>\n<\/tr>\n<tr>\n<td width=\"58\">H21<\/td>\n<td width=\"539\"><a href=\"http:\/\/www.amus-campina.ro\/wp-content\/uploads\/2025\/09\/hotararea_21_13.09.2024_calificative.pdf\">Aprobarea calificativelor anuale ale personalului didactic si didactic auxiliar<\/a><\/td>\n<td rowspan=\"4\" width=\"86\">13<\/p>\n<p>Septembrie 2024<\/td>\n<\/tr>\n<tr>\n<td width=\"58\">H22<\/td>\n<td width=\"539\"><a href=\"http:\/\/www.amus-campina.ro\/wp-content\/uploads\/2025\/09\/hotararea_22_13.09.2024_comisii.pdf\">Aprobarea componen\u021bei nominale a comisiilor pe domenii de activitate.<\/a><\/p>\n<p><a href=\"http:\/\/www.amus-campina.ro\/wp-content\/uploads\/2025\/09\/hotararea_22_13.09.2024_comisii.pdf\">Numirea responsabililor comisiilor metodice \u0219i stabilirea atribu\u0163iilor acestora.<\/a><\/td>\n<\/tr>\n<tr>\n<td width=\"58\">H23<\/td>\n<td width=\"539\"><a href=\"http:\/\/www.amus-campina.ro\/wp-content\/uploads\/2025\/09\/hotararea_23_13.09.2024_grafice_PP_IC.pdf\">Aprobarea graficului de preg\u0103tire practic\u0103\/ \u00eenv\u0103\u021b\u0103m\u00e2nt clinic pentru an \u0219colar 2024-2025<\/a><\/td>\n<\/tr>\n<tr>\n<td width=\"58\">H24<\/td>\n<td width=\"539\"><a href=\"http:\/\/www.amus-campina.ro\/wp-content\/uploads\/2025\/09\/hotararea_24_13.09.2024_fisa-post_criterii.pdf\">Aprobarea fi\u0219ei postului pentru personalul didactic \u0219i didactic auxiliar;<\/a><\/p>\n<p><a href=\"http:\/\/www.amus-campina.ro\/wp-content\/uploads\/2025\/09\/hotararea_24_13.09.2024_fisa-post_criterii.pdf\">Revizuirea criteriilor\/ punctajelor de evaluare din fi\u0219a de evaluare \u00een vederea acord\u0103rii calificativului anual al cadrelor didactice, pentru anul \u0219colar 2024-2025<\/a><\/td>\n<\/tr>\n<tr>\n<td width=\"58\">H25<\/td>\n<td width=\"539\"><a href=\"http:\/\/www.amus-campina.ro\/wp-content\/uploads\/2025\/09\/hotararea_25_27.09.2024_CA.pdf\">Constituirea noului consiliu de administra\u021bie \u0219i a atribu\u0163iilor membrilor acestuia<\/a><\/td>\n<td rowspan=\"4\" width=\"86\">27 sept. 2024<\/td>\n<\/tr>\n<tr>\n<td width=\"58\">H26<\/td>\n<td width=\"539\"><a href=\"http:\/\/www.amus-campina.ro\/wp-content\/uploads\/2025\/09\/hotararea_26_27.09.2024_calendar_act_educative.pdf\">Aprobarea Calendarului activit\u0103\u0163ilor educative al unit\u0103\u0163ii de \u00eenv\u0103\u0163\u0103m\u00e2nt.<\/a><\/td>\n<\/tr>\n<tr>\n<td width=\"58\">H27<\/td>\n<td width=\"539\"><a href=\"http:\/\/www.amus-campina.ro\/wp-content\/uploads\/2025\/09\/hotararea_27_27.09.2024_CA-online.pdf\">Desf\u0103\u0219urarea \u0219edin\u0163elor consiliului de administra\u0163ie \u00een format fizic, on-line sau hibrid<\/a><\/td>\n<\/tr>\n<tr>\n<td width=\"58\">H28<\/td>\n<td width=\"539\"><a href=\"http:\/\/www.amus-campina.ro\/wp-content\/uploads\/2025\/09\/hotararea_28_27.09.2024_colectiv_proiect_ROFUI.pdf\">Numirea colectivului de lucru pentru elaborarea proiectului regulamentului de organizare \u015fi func\u0163ionare a unit\u0103\u0163ii de \u00eenv\u0103\u0163\u0103m\u00e2nt<\/a><\/td>\n<\/tr>\n<tr>\n<td width=\"58\">H29<\/td>\n<td width=\"539\"><a href=\"http:\/\/www.amus-campina.ro\/wp-content\/uploads\/2025\/09\/hotararea_29_23.10.2024_RI_ROFUI_Cod-etica.pdf\">Aprobarea Regulamentului Intern \/ Regulamentului de organizare \u015fi func\u0163ionare a unit\u0103\u0163ii de \u00eenv\u0103\u0163\u0103m\u00e2nt. \/ Codului de etic\u0103 \u0219i integritate a personalului didactic \u0219i didactic auxiliar \/ Codului de etic\u0103 \u0219i integritate al elevului \/&nbsp;Regulamentului de organizare \u0219i func\u021bionare a C\u0218E<\/a><\/td>\n<td rowspan=\"3\" width=\"86\">23 Octombrie 2024<\/td>\n<\/tr>\n<tr>\n<td width=\"58\">H30<\/td>\n<td width=\"539\"><a href=\"http:\/\/www.amus-campina.ro\/wp-content\/uploads\/2025\/09\/hotararea_30_23.10.2024_validare-raport_plan-managerial.pdf\">Validarea raportului general privind starea \u015fi calitatea \u00eenv\u0103\u0163\u0103m\u00e2ntului din unitatea \u0219colar\u0103. Aprobarea documentelor manageriale: planuri manageriale operative pentru anul \u0219colar 2024-2025, programul muncii educative)<\/a><\/td>\n<\/tr>\n<tr>\n<td width=\"58\">H31<\/td>\n<td width=\"539\"><a href=\"http:\/\/www.amus-campina.ro\/wp-content\/uploads\/2025\/09\/hotararea_31_23.10.2024_RAEI_pl.imbunatatire.pdf\">Validarea raportului de evaluare intern\u0103 a calit\u0103\u021bii RAEI \u00eentocmit de CEAC pentru 2023-2024. Aprobarea planului de activit\u0103\u021bi de \u00eembun\u0103t\u0103\u021bire a calit\u0103\u021bii educa\u021biei pentru anul \u0219colar 2024-2025 \u0219i a regulamentului de organizare \u0219i func\u021bionare a CEAC.<\/a><\/td>\n<\/tr>\n<tr>\n<td width=\"58\">H32<\/td>\n<td width=\"539\"><a href=\"http:\/\/www.amus-campina.ro\/wp-content\/uploads\/2025\/09\/hotararea_32_18.10.2024_nominalizare-indrumatori-proiect.pdf\">Nominalizarea \u00eendrumatorilor pentru realizarea proiectelor de specialitate \u00een vederea sus\u021binerii examenului de certificarea calific\u0103rii profesionale nivel 5<\/a><\/td>\n<td rowspan=\"2\" width=\"86\">18 Noiembrie 2024<\/td>\n<\/tr>\n<tr>\n<td width=\"58\">H33<\/td>\n<td width=\"539\"><a href=\"http:\/\/www.amus-campina.ro\/wp-content\/uploads\/2025\/09\/hotararea_33_18.11.2024_aprobare_PAS.pdf\">Aprobarea Planului de ac\u021biune a \u015fcolii, planuri opera\u021bionale pentru anul \u015fcolar 2024 \u2013 2025.<\/a><\/td>\n<\/tr>\n<tr>\n<td width=\"58\">H34<\/td>\n<td width=\"539\"><a href=\"http:\/\/www.amus-campina.ro\/wp-content\/uploads\/2025\/09\/hotararea_34_20.12.2024_liste-teme-proiect.pdf\">Aprobarea listei temelor de proiect pentru examenul de certificarea calificarii profesionale nivel 5<\/a><\/td>\n<td rowspan=\"3\" width=\"86\">20 Decembrie 2024<\/td>\n<\/tr>\n<tr>\n<td width=\"58\">H35<\/td>\n<td width=\"539\"><a href=\"http:\/\/www.amus-campina.ro\/wp-content\/uploads\/2025\/09\/hotararea_35_20.12.2024_fise-post-nedidactic_CO.pdf\">Revizuirea si aprobarea fisei postului pentru personalul nedidactic pentru anul calendaristic 2025 \u015fi a criteriilor de evaluare pentru acesta.<\/a><\/p>\n<p><a href=\"http:\/\/www.amus-campina.ro\/wp-content\/uploads\/2025\/09\/hotararea_35_20.12.2024_fise-post-nedidactic_CO.pdf\">Aprobarea planific\u0103rii anuale a concediilor de odihn\u0103<\/a><\/td>\n<\/tr>\n<tr>\n<td width=\"58\">H36<\/td>\n<td width=\"539\"><a href=\"http:\/\/www.amus-campina.ro\/wp-content\/uploads\/2025\/09\/hotararea_36_20.12.2024_CA-proiect-plan-scolarizare.pdf\">Aprobarea proiectului planului de \u0219colarizare, pentru anul \u0219colar 2025-2026<\/a><\/td>\n<\/tr>\n<\/tbody>\n<\/table>\n<p><a href=\"http:\/\/www.amus-campina.ro\/wp-content\/uploads\/2025\/09\/lista_hotarari_2024-2025-2025.pdf\">Lista hot\u0103r\u00e2ri 2024-2025 (2025)<\/a><\/p>\n<table width=\"0\">\n<tbody>\n<tr>\n<td width=\"49\">Nr. hotararii<\/td>\n<td width=\"551\"><strong>Continutul pe scurt<\/strong><\/td>\n<td width=\"83\"><strong>Data CA<\/strong><\/td>\n<\/tr>\n<tr>\n<td width=\"49\">H1<\/td>\n<td width=\"551\"><a href=\"http:\/\/www.amus-campina.ro\/wp-content\/uploads\/2025\/09\/hotararea_1_10.01.2025_calificative-nedidactic.pdf\">Evaluarea activit\u0103\u021bii personalului nedidactic \u0219i aprobarea calificativelor anuale pentru 2024<\/a><\/p>\n<p><a href=\"http:\/\/www.amus-campina.ro\/wp-content\/uploads\/2025\/09\/hotararea_1_10.01.2025_calificative-nedidactic.pdf\">Validarea raportului de activitate \u00eentocmit de CEAC, pentru perioada septembrie \u2013 decembrie 2024<\/a><\/td>\n<td width=\"83\">10<\/p>\n<p>ianuarie 2025<\/td>\n<\/tr>\n<tr>\n<td width=\"49\">H2<\/td>\n<td width=\"551\"><a href=\"http:\/\/www.amus-campina.ro\/wp-content\/uploads\/2025\/09\/hotararea_2_05.02.2025_optiuni-teme-proiect.pdf\">Aprobarea op\u021biunilor elevilor pentru temele&nbsp; proiectelor: \u00eendrum\u0103tor &#8211; calific\u0103ri profesionale \u2013 op\u021biune elev (examenul de certificarea calific\u0103rii profesionale nivel 5)<\/a><\/td>\n<td rowspan=\"2\" width=\"83\">5<\/p>\n<p>Februarie 2025<\/td>\n<\/tr>\n<tr>\n<td width=\"49\">H3<\/td>\n<td width=\"551\"><a href=\"http:\/\/www.amus-campina.ro\/wp-content\/uploads\/2025\/09\/hotararea_3_05.02.2025_proiect-incadrare.pdf\">Aprobarea proiectului de \u00eencadrare al personalului didactic titular, an \u0219colar 2025-2026.<\/a><\/p>\n<p><a href=\"http:\/\/www.amus-campina.ro\/wp-content\/uploads\/2025\/09\/hotararea_3_05.02.2025_proiect-incadrare.pdf\">Validarea \u00eencadr\u0103rii d-lui Radu Bogdan Florin, cadru didactic asociat, \u00een sem. II<\/a><\/td>\n<\/tr>\n<tr>\n<td width=\"49\">H4<\/td>\n<td width=\"551\"><a href=\"http:\/\/www.amus-campina.ro\/wp-content\/uploads\/2025\/09\/hotararea_4_18.03.2025_strategie_promovare_oferta_ed.pdf\">Aprobarea ofertei educa\u021bionale pt. anul \u0219colar 2025-2026 \u0219i a strategiei de promovare a ofertei educa\u021bionale<\/a><\/td>\n<td rowspan=\"3\" width=\"83\">18<\/p>\n<p>Martie 2025<\/p>\n<p>&nbsp;<\/td>\n<\/tr>\n<tr>\n<td width=\"49\">H5<\/td>\n<td width=\"551\"><a href=\"http:\/\/www.amus-campina.ro\/wp-content\/uploads\/2025\/09\/hotararea_5_18.03.2025_taxe-examen-inscriere.pdf\">Avizarea constituirii, la nivelul unit\u0103\u0163ii, a Comisiei pentru simularea examenului de certificare a calific\u0103rii profesionale N5. Validarea taxelor pentru sus\u021binerea simul\u0103rii examenului de certificare a calific\u0103rii profesionale N5, a examenului \u00een sine \u0219i pentru \u00eenscrierea \u00een anul \u0219colar 2025-2026<\/a><\/td>\n<\/tr>\n<tr>\n<td width=\"49\">H6<\/td>\n<td width=\"551\"><a href=\"http:\/\/www.amus-campina.ro\/wp-content\/uploads\/2025\/09\/hotararea_6_18.03.2025_aprobare-Regulament_biblioteca.pdf\">Aprobarea Regulamentului de ordine interioar\u0103 a bibliotecii<\/a><\/td>\n<\/tr>\n<tr>\n<td width=\"49\">H7<\/td>\n<td width=\"551\"><a href=\"http:\/\/www.amus-campina.ro\/wp-content\/uploads\/2025\/09\/hotararea_7_17.04.2025_aprobare-cereri-comisii.pdf\">Aprobarea cererilor cadrelor didactice care au dorit s\u0103 fac\u0103 parte din comisiile de examinare pentru examenul de certificare a calific\u0103rii profesionale, organizat \u00een SPLP<\/a><\/td>\n<td rowspan=\"2\" width=\"83\">17<\/p>\n<p>Aprilie 2025<\/td>\n<\/tr>\n<tr>\n<td width=\"49\">H8<\/td>\n<td width=\"551\"><a href=\"http:\/\/www.amus-campina.ro\/wp-content\/uploads\/2025\/09\/hotararea_8_17.04.2025_aprobare-Regulament_admitere.pdf\">Aprobarea \u201dMetodologiei de admitere \u00een \u00eenv\u0103\u021b\u0103m\u00e2ntul postliceal, an \u0219colar 2025-2026\u201d, asimilat\u0103 ca procedur\u0103 a Sistemului de Management al Calit\u0103\u0163ii din \u0218coala Postliceal\u0103 \u201dLouis Pasteur\u201d Municipiul C\u00e2mpina, cu codul R-PS-2<\/a><\/td>\n<\/tr>\n<tr>\n<td width=\"49\">H9<\/td>\n<td width=\"551\"><a href=\"http:\/\/www.amus-campina.ro\/wp-content\/uploads\/2025\/09\/hotararea_9_15.05.2025_aprobare-cereri-comisii.pdf\">Aprobarea cererilor cadrelor didactice care au dorit s\u0103 fac\u0103 parte din comisiile de examinare pentru examenul de certificare a calific\u0103rii profesionale AMF, \u00een alte unit\u0103\u021bi \u0219colare<\/a><\/td>\n<td width=\"83\">15 Mai 2025<\/td>\n<\/tr>\n<tr>\n<td width=\"49\">H10<\/td>\n<td width=\"551\"><a href=\"http:\/\/www.amus-campina.ro\/wp-content\/uploads\/2025\/09\/hotararea_10_20.06.2025_aprobare-cereri-comisii.pdf\">Aprobarea cererilor cadrelor didactice care au dorit s\u0103 fac\u0103 parte din comisiile de examinare pentru examenul de certificare a calific\u0103rii profesionale AMG, \u00een alte unit\u0103\u021bi \u0219colare<\/a><\/td>\n<td rowspan=\"2\" width=\"83\">20 Iunie 2025<\/td>\n<\/tr>\n<tr>\n<td width=\"49\">H11<\/td>\n<td width=\"551\"><a href=\"http:\/\/www.amus-campina.ro\/wp-content\/uploads\/2025\/09\/hotararea_11_20.06.2025_pers_medical_examene.pdf\">Nominalizarea personalului medical care asigur\u0103 asisten\u021ba medical\u0103 pe perioada derul\u0103rii examenului de certificare a calific\u0103rii profesionale a absolven\u021bilor \u00eenv\u0103\u021b\u0103m\u00e2ntului postliceal din unitate, sesiunile iunie-iulie 2025, respectiv august 2025<\/a><\/td>\n<\/tr>\n<tr>\n<td width=\"49\">H12<\/td>\n<td width=\"551\"><a href=\"http:\/\/www.amus-campina.ro\/wp-content\/uploads\/2025\/09\/hotararea_12_31.07.2025_propuneri_directori.pdf\">Propunerea Consiliului de administra\u0163ie pentru nominalizarea cadrelor didactice din unitatea de \u00eenv\u0103\u0163\u0103m\u00e2nt\/ pensionate pentru ocuparea func\u0163iilor de conducere (director sau director adjunct) \u00een anul \u0219colar 2025-2026<\/a><\/td>\n<td width=\"83\">31<\/p>\n<p>iulie 2025<\/td>\n<\/tr>\n<\/tbody>\n<\/table>\n<p>&nbsp;<\/p>\n<p>&nbsp;<\/p>\n","protected":false},"excerpt":{"rendered":"<p>GRAFIC \u0218I TEMATICA CA_2024-2025 Decizie constituire CA Sarcini CA Lista hot\u0103r\u00e2ri 2024-2025 (2024) Nr. hot\u0103r\u00e2rii Con\u021binutul pe scurt Data CA H13 Stabilirea taxei de \u0219colarizare. Aprobarea con\u021binutului Contractului educa\u021bional (revizuit) \u0219i a contractului de \u0219colarizare. 6 septembrie 2024 H14 Nominalizarea persoanelor cu atribu\u021bii speciale. Repartizarea dirigen\u021biilor. H15 Aprobarea orarului, a graficului serviciului pe \u015fcoal\u0103 \u0219i &hellip; <a href=\"https:\/\/www.amus-campina.ro\/?page_id=987\" class=\"more-link\">Cite\u0219te \u00een continuare <span class=\"screen-reader-text\">Documente CONSILIUL DE ADMINISTRATIE 2024-2025<\/span> <span class=\"meta-nav\">&rarr;<\/span><\/a><\/p>\n","protected":false},"author":2,"featured_media":0,"parent":1098,"menu_order":0,"comment_status":"closed","ping_status":"closed","template":"","meta":[],"_links":{"self":[{"href":"https:\/\/www.amus-campina.ro\/index.php?rest_route=\/wp\/v2\/pages\/987"}],"collection":[{"href":"https:\/\/www.amus-campina.ro\/index.php?rest_route=\/wp\/v2\/pages"}],"about":[{"href":"https:\/\/www.amus-campina.ro\/index.php?rest_route=\/wp\/v2\/types\/page"}],"author":[{"embeddable":true,"href":"https:\/\/www.amus-campina.ro\/index.php?rest_route=\/wp\/v2\/users\/2"}],"replies":[{"embeddable":true,"href":"https:\/\/www.amus-campina.ro\/index.php?rest_route=%2Fwp%2Fv2%2Fcomments&post=987"}],"version-history":[{"count":6,"href":"https:\/\/www.amus-campina.ro\/index.php?rest_route=\/wp\/v2\/pages\/987\/revisions"}],"predecessor-version":[{"id":1101,"href":"https:\/\/www.amus-campina.ro\/index.php?rest_route=\/wp\/v2\/pages\/987\/revisions\/1101"}],"up":[{"embeddable":true,"href":"https:\/\/www.amus-campina.ro\/index.php?rest_route=\/wp\/v2\/pages\/1098"}],"wp:attachment":[{"href":"https:\/\/www.amus-campina.ro\/index.php?rest_route=%2Fwp%2Fv2%2Fmedia&parent=987"}],"curies":[{"name":"wp","href":"https:\/\/api.w.org\/{rel}","templated":true}]}}